{"id":1212,"date":"2024-11-14T15:09:48","date_gmt":"2024-11-14T15:09:48","guid":{"rendered":"https:\/\/hotel-golf-prague.ms2.decms.eu\/?page_id=1212"},"modified":"2025-05-19T12:59:35","modified_gmt":"2025-05-19T12:59:35","slug":"superior","status":"publish","type":"page","link":"https:\/\/www.hotel-golf.cz\/it\/camere\/superior\/","title":{"rendered":"Superior"},"content":{"rendered":"<p>&nbsp;<\/p>\n<p><b>Cosa vi offriamo nella categoria superior:<\/b><\/p>\n<ul>\n<li style=\"font-weight: 400\"><b>Camere spaziose:<\/b><span style=\"font-weight: 400\"> Superficie 26 &#8211; 32 m\u00b2<\/span><\/li>\n<li><b>Camere familiari:<\/b> Camere comunicanti ideali per famiglie<\/li>\n<li><b>Camere con balcone\/giardino privato: <\/b>Area salotto esterna privata.<\/li>\n<\/ul>\n<p>&nbsp;<\/p>\n","protected":false},"excerpt":{"rendered":"<p>&nbsp; Cosa vi offriamo nella categoria superior: Camere spaziose: Superficie 26 &#8211; 32 m\u00b2 Camere familiari: Camere comunicanti ideali per famiglie Camere con balcone\/giardino privato: Area salotto esterna privata. &nbsp;<\/p>\n","protected":false},"author":12,"featured_media":1581,"parent":1173,"menu_order":7,"comment_status":"closed","ping_status":"closed","template":"template-single-room.php","meta":{"footnotes":""},"yoast_head":"<!-- This site is optimized with the Yoast SEO plugin v22.3 - https:\/\/yoast.com\/wordpress\/plugins\/seo\/ -->\n<title>Superior - Hotel Golf Prague<\/title>\n<meta name=\"description\" content=\"&nbsp;  Cosa vi offriamo nella categoria superior:   Camere spaziose: Superficie 26 - 32 m\u00b2  Camere familiari: Camere comunicanti ideali per famiglie  Camere con balcone\/giardino privato: Area salotto esterna privata.  &nbsp;.\" \/>\n<meta name=\"robots\" content=\"index, follow, max-snippet:-1, max-image-preview:large, max-video-preview:-1\" \/>\n<link rel=\"canonical\" href=\"https:\/\/www.hotel-golf.cz\/it\/camere\/superior\/\" \/>\n<meta property=\"og:locale\" content=\"it_IT\" \/>\n<meta property=\"og:type\" content=\"article\" \/>\n<meta property=\"og:title\" content=\"Superior - Hotel Golf Prague\" \/>\n<meta property=\"og:description\" content=\"&nbsp;  Cosa vi offriamo nella categoria superior:   Camere spaziose: Superficie 26 - 32 m\u00b2  Camere familiari: Camere comunicanti ideali per famiglie  Camere con balcone\/giardino privato: Area salotto esterna privata.  &nbsp;.\" \/>\n<meta property=\"og:url\" content=\"https:\/\/www.hotel-golf.cz\/it\/camere\/superior\/\" \/>\n<meta property=\"og:site_name\" content=\"Hotel Golf Prague\" \/>\n<meta property=\"article:publisher\" content=\"https:\/\/www.facebook.com\/hotelgolfprague\/\" \/>\n<meta property=\"article:modified_time\" content=\"2025-05-19T12:59:35+00:00\" \/>\n<meta property=\"og:image\" content=\"https:\/\/www.hotel-golf.cz\/wp-content\/uploads\/sites\/177\/2025\/03\/7.jpg\" \/>\n\t<meta property=\"og:image:width\" content=\"1799\" \/>\n\t<meta property=\"og:image:height\" content=\"1200\" \/>\n\t<meta property=\"og:image:type\" content=\"image\/jpeg\" \/>\n<meta name=\"twitter:card\" content=\"summary_large_image\" \/>\n<meta name=\"twitter:label1\" content=\"Tempo di lettura stimato\" \/>\n\t<meta name=\"twitter:data1\" content=\"1 minuto\" \/>\n<script type=\"application\/ld+json\" class=\"yoast-schema-graph\">{\"@context\":\"https:\/\/schema.org\",\"@graph\":[{\"@type\":\"WebPage\",\"@id\":\"https:\/\/www.hotel-golf.cz\/it\/camere\/superior\/\",\"url\":\"https:\/\/www.hotel-golf.cz\/it\/camere\/superior\/\",\"name\":\"Superior - Hotel Golf Prague\",\"isPartOf\":{\"@id\":\"https:\/\/www.hotel-golf.cz\/it\/#website\"},\"primaryImageOfPage\":{\"@id\":\"https:\/\/www.hotel-golf.cz\/it\/camere\/superior\/#primaryimage\"},\"image\":{\"@id\":\"https:\/\/www.hotel-golf.cz\/it\/camere\/superior\/#primaryimage\"},\"thumbnailUrl\":\"https:\/\/www.hotel-golf.cz\/wp-content\/uploads\/sites\/177\/2025\/03\/7.jpg\",\"datePublished\":\"2024-11-14T15:09:48+00:00\",\"dateModified\":\"2025-05-19T12:59:35+00:00\",\"description\":\"&nbsp; Cosa vi offriamo nella categoria superior: \u2022 Camere spaziose: Superficie 26 - 32 m\u00b2 \u2022 Camere familiari: Camere comunicanti ideali per famiglie \u2022 Camere con balcone\/giardino privato: Area salotto esterna privata. &nbsp;.\",\"breadcrumb\":{\"@id\":\"https:\/\/www.hotel-golf.cz\/it\/camere\/superior\/#breadcrumb\"},\"inLanguage\":\"it-IT\",\"potentialAction\":[{\"@type\":\"ReadAction\",\"target\":[\"https:\/\/www.hotel-golf.cz\/it\/camere\/superior\/\"]}]},{\"@type\":\"ImageObject\",\"inLanguage\":\"it-IT\",\"@id\":\"https:\/\/www.hotel-golf.cz\/it\/camere\/superior\/#primaryimage\",\"url\":\"https:\/\/www.hotel-golf.cz\/wp-content\/uploads\/sites\/177\/2025\/03\/7.jpg\",\"contentUrl\":\"https:\/\/www.hotel-golf.cz\/wp-content\/uploads\/sites\/177\/2025\/03\/7.jpg\",\"width\":1799,\"height\":1200},{\"@type\":\"BreadcrumbList\",\"@id\":\"https:\/\/www.hotel-golf.cz\/it\/camere\/superior\/#breadcrumb\",\"itemListElement\":[{\"@type\":\"ListItem\",\"position\":1,\"name\":\"Home\",\"item\":\"https:\/\/www.hotel-golf.cz\/it\/\"},{\"@type\":\"ListItem\",\"position\":2,\"name\":\"Camere\",\"item\":\"https:\/\/www.hotel-golf.cz\/it\/pokoje\/\"},{\"@type\":\"ListItem\",\"position\":3,\"name\":\"Superior\"}]},{\"@type\":\"WebSite\",\"@id\":\"https:\/\/www.hotel-golf.cz\/it\/#website\",\"url\":\"https:\/\/www.hotel-golf.cz\/it\/\",\"name\":\"Hotel Golf Prague\",\"description\":\"Romantika ve dvou, dovolen\u00e1 s d\u011btmi, ubytov\u00e1n\u00ed pro firmy, konference, wellness. C\u00edl cesty do Prahy si vyberte sami. O va\u0161e pohodl\u00ed se postar\u00e1me my.\",\"publisher\":{\"@id\":\"https:\/\/www.hotel-golf.cz\/it\/#organization\"},\"alternateName\":\"Hotel Golf Prague\",\"potentialAction\":[{\"@type\":\"SearchAction\",\"target\":{\"@type\":\"EntryPoint\",\"urlTemplate\":\"https:\/\/www.hotel-golf.cz\/it\/?s={search_term_string}\"},\"query-input\":\"required name=search_term_string\"}],\"inLanguage\":\"it-IT\"},{\"@type\":\"Organization\",\"@id\":\"https:\/\/www.hotel-golf.cz\/it\/#organization\",\"name\":\"Hotel Golf Prague\",\"url\":\"https:\/\/www.hotel-golf.cz\/it\/\",\"logo\":{\"@type\":\"ImageObject\",\"inLanguage\":\"it-IT\",\"@id\":\"https:\/\/www.hotel-golf.cz\/it\/#\/schema\/logo\/image\/\",\"url\":\"https:\/\/www.hotel-golf.cz\/wp-content\/uploads\/sites\/177\/2024\/10\/Logo_Hotel_Golf_Prague_black.svg\",\"contentUrl\":\"https:\/\/www.hotel-golf.cz\/wp-content\/uploads\/sites\/177\/2024\/10\/Logo_Hotel_Golf_Prague_black.svg\",\"width\":272,\"height\":79,\"caption\":\"Hotel Golf Prague\"},\"image\":{\"@id\":\"https:\/\/www.hotel-golf.cz\/it\/#\/schema\/logo\/image\/\"},\"sameAs\":[\"https:\/\/www.facebook.com\/hotelgolfprague\/\",\"https:\/\/www.instagram.com\/hotelgolfprague\/\",\"https:\/\/www.tripadvisor.com\/Hotel_Review-g274707-d277209-Reviews-Hotel_Golf-Prague_Bohemia.html\"]}]}<\/script>\n<!-- \/ Yoast SEO plugin. -->","yoast_head_json":{"title":"Superior - Hotel Golf Prague","description":"&nbsp;  Cosa vi offriamo nella categoria superior:   Camere spaziose: Superficie 26 - 32 m\u00b2  Camere familiari: Camere comunicanti ideali per famiglie  Camere con balcone\/giardino privato: Area salotto esterna privata.  &nbsp;.","robots":{"index":"index","follow":"follow","max-snippet":"max-snippet:-1","max-image-preview":"max-image-preview:large","max-video-preview":"max-video-preview:-1"},"canonical":"https:\/\/www.hotel-golf.cz\/it\/camere\/superior\/","og_locale":"it_IT","og_type":"article","og_title":"Superior - Hotel Golf Prague","og_description":"&nbsp;  Cosa vi offriamo nella categoria superior:   Camere spaziose: Superficie 26 - 32 m\u00b2  Camere familiari: Camere comunicanti ideali per famiglie  Camere con balcone\/giardino privato: Area salotto esterna privata.  &nbsp;.","og_url":"https:\/\/www.hotel-golf.cz\/it\/camere\/superior\/","og_site_name":"Hotel Golf Prague","article_publisher":"https:\/\/www.facebook.com\/hotelgolfprague\/","article_modified_time":"2025-05-19T12:59:35+00:00","og_image":[{"width":1799,"height":1200,"url":"https:\/\/www.hotel-golf.cz\/wp-content\/uploads\/sites\/177\/2025\/03\/7.jpg","type":"image\/jpeg"}],"twitter_card":"summary_large_image","twitter_misc":{"Tempo di lettura stimato":"1 minuto"},"schema":{"@context":"https:\/\/schema.org","@graph":[{"@type":"WebPage","@id":"https:\/\/www.hotel-golf.cz\/it\/camere\/superior\/","url":"https:\/\/www.hotel-golf.cz\/it\/camere\/superior\/","name":"Superior - Hotel Golf Prague","isPartOf":{"@id":"https:\/\/www.hotel-golf.cz\/it\/#website"},"primaryImageOfPage":{"@id":"https:\/\/www.hotel-golf.cz\/it\/camere\/superior\/#primaryimage"},"image":{"@id":"https:\/\/www.hotel-golf.cz\/it\/camere\/superior\/#primaryimage"},"thumbnailUrl":"https:\/\/www.hotel-golf.cz\/wp-content\/uploads\/sites\/177\/2025\/03\/7.jpg","datePublished":"2024-11-14T15:09:48+00:00","dateModified":"2025-05-19T12:59:35+00:00","description":"&nbsp; Cosa vi offriamo nella categoria superior: \u2022 Camere spaziose: Superficie 26 - 32 m\u00b2 \u2022 Camere familiari: Camere comunicanti ideali per famiglie \u2022 Camere con balcone\/giardino privato: Area salotto esterna privata. &nbsp;.","breadcrumb":{"@id":"https:\/\/www.hotel-golf.cz\/it\/camere\/superior\/#breadcrumb"},"inLanguage":"it-IT","potentialAction":[{"@type":"ReadAction","target":["https:\/\/www.hotel-golf.cz\/it\/camere\/superior\/"]}]},{"@type":"ImageObject","inLanguage":"it-IT","@id":"https:\/\/www.hotel-golf.cz\/it\/camere\/superior\/#primaryimage","url":"https:\/\/www.hotel-golf.cz\/wp-content\/uploads\/sites\/177\/2025\/03\/7.jpg","contentUrl":"https:\/\/www.hotel-golf.cz\/wp-content\/uploads\/sites\/177\/2025\/03\/7.jpg","width":1799,"height":1200},{"@type":"BreadcrumbList","@id":"https:\/\/www.hotel-golf.cz\/it\/camere\/superior\/#breadcrumb","itemListElement":[{"@type":"ListItem","position":1,"name":"Home","item":"https:\/\/www.hotel-golf.cz\/it\/"},{"@type":"ListItem","position":2,"name":"Camere","item":"https:\/\/www.hotel-golf.cz\/it\/pokoje\/"},{"@type":"ListItem","position":3,"name":"Superior"}]},{"@type":"WebSite","@id":"https:\/\/www.hotel-golf.cz\/it\/#website","url":"https:\/\/www.hotel-golf.cz\/it\/","name":"Hotel Golf Prague","description":"Romantika ve dvou, dovolen\u00e1 s d\u011btmi, ubytov\u00e1n\u00ed pro firmy, konference, wellness. C\u00edl cesty do Prahy si vyberte sami. O va\u0161e pohodl\u00ed se postar\u00e1me my.","publisher":{"@id":"https:\/\/www.hotel-golf.cz\/it\/#organization"},"alternateName":"Hotel Golf Prague","potentialAction":[{"@type":"SearchAction","target":{"@type":"EntryPoint","urlTemplate":"https:\/\/www.hotel-golf.cz\/it\/?s={search_term_string}"},"query-input":"required name=search_term_string"}],"inLanguage":"it-IT"},{"@type":"Organization","@id":"https:\/\/www.hotel-golf.cz\/it\/#organization","name":"Hotel Golf Prague","url":"https:\/\/www.hotel-golf.cz\/it\/","logo":{"@type":"ImageObject","inLanguage":"it-IT","@id":"https:\/\/www.hotel-golf.cz\/it\/#\/schema\/logo\/image\/","url":"https:\/\/www.hotel-golf.cz\/wp-content\/uploads\/sites\/177\/2024\/10\/Logo_Hotel_Golf_Prague_black.svg","contentUrl":"https:\/\/www.hotel-golf.cz\/wp-content\/uploads\/sites\/177\/2024\/10\/Logo_Hotel_Golf_Prague_black.svg","width":272,"height":79,"caption":"Hotel Golf Prague"},"image":{"@id":"https:\/\/www.hotel-golf.cz\/it\/#\/schema\/logo\/image\/"},"sameAs":["https:\/\/www.facebook.com\/hotelgolfprague\/","https:\/\/www.instagram.com\/hotelgolfprague\/","https:\/\/www.tripadvisor.com\/Hotel_Review-g274707-d277209-Reviews-Hotel_Golf-Prague_Bohemia.html"]}]}},"acf":[],"_links":{"self":[{"href":"https:\/\/www.hotel-golf.cz\/it\/wp-json\/wp\/v2\/pages\/1212"}],"collection":[{"href":"https:\/\/www.hotel-golf.cz\/it\/wp-json\/wp\/v2\/pages"}],"about":[{"href":"https:\/\/www.hotel-golf.cz\/it\/wp-json\/wp\/v2\/types\/page"}],"author":[{"embeddable":true,"href":"https:\/\/www.hotel-golf.cz\/it\/wp-json\/wp\/v2\/users\/12"}],"replies":[{"embeddable":true,"href":"https:\/\/www.hotel-golf.cz\/it\/wp-json\/wp\/v2\/comments?post=1212"}],"version-history":[{"count":0,"href":"https:\/\/www.hotel-golf.cz\/it\/wp-json\/wp\/v2\/pages\/1212\/revisions"}],"up":[{"embeddable":true,"href":"https:\/\/www.hotel-golf.cz\/it\/wp-json\/wp\/v2\/pages\/1173"}],"wp:featuredmedia":[{"embeddable":true,"href":"https:\/\/www.hotel-golf.cz\/it\/wp-json\/wp\/v2\/media\/1581"}],"wp:attachment":[{"href":"https:\/\/www.hotel-golf.cz\/it\/wp-json\/wp\/v2\/media?parent=1212"}],"curies":[{"name":"wp","href":"https:\/\/api.w.org\/{rel}","templated":true}]}}