{"id":1170,"date":"2024-10-24T15:20:17","date_gmt":"2024-10-24T15:20:17","guid":{"rendered":"https:\/\/hotel-golf-prague.ms2.decms.eu\/?page_id=1170"},"modified":"2025-11-06T09:39:53","modified_gmt":"2025-11-06T09:39:53","slug":"posizione","status":"publish","type":"page","link":"https:\/\/www.hotel-golf.cz\/it\/posizione\/","title":{"rendered":"Posizione"},"content":{"rendered":"<p class=\"p1\"><span class=\"s1\">L\u2019hotel Golf e Golf Depandance si trova a Praga, in una delle citt\u00e0 pi\u00f9 belle nel cuore dell\u2019Europa. Grazie alla sua posizione in mezzo al parco naturale di Ko\u0161\u00ed\u0159e-Motol, vicino ad un campo da golf, a 15 minuti dal centro e a 20 minuti dall\u2019aeroporto, \u00e8 la scelta ideale per turisti, gruppi e clienti aziendali.<\/span><\/p>\n<p class=\"p2\"><span class=\"s1\">Grazie alle sue dimensioni, \u00e8 in grado di ospitare grandi eventi.<\/span><\/p>\n<p class=\"p2\"><span class=\"s2\"><b>In automobile<\/b><\/span><span class=\"s1\">\u00a0Coordinate GPS: 50\u00b04\u20192.6\u2033N 14\u00b020\u201941.14\u2033E<\/span><\/p>\n<p class=\"p3\"><span class=\"s2\"><b>Dove andare in giro per Praga?<\/b><\/span><span class=\"s3\"><br \/>\n<a href=\"https:\/\/www.prague.eu\/it\/oggetti\/luoghi\"><span class=\"s4\">O suggerimenti su alcuni dei nostri monumenti.<\/span><\/a><\/span><\/p>\n","protected":false},"excerpt":{"rendered":"<p>L\u2019hotel Golf e Golf Depandance si trova a Praga, in una delle citt\u00e0 pi\u00f9 belle nel cuore dell\u2019Europa. Grazie alla sua posizione in mezzo al parco naturale di Ko\u0161\u00ed\u0159e-Motol, vicino ad un campo da golf, a 15 minuti dal centro e a 20 minuti dall\u2019aeroporto, \u00e8 la scelta ideale per turisti, gruppi e clienti aziendali. [&hellip;]<\/p>\n","protected":false},"author":12,"featured_media":0,"parent":0,"menu_order":200,"comment_status":"closed","ping_status":"closed","template":"template-location.php","meta":{"footnotes":""},"class_list":["post-1170","page","type-page","status-publish","hentry"],"yoast_head":"<!-- This site is optimized with the Yoast SEO plugin v27.3 - https:\/\/yoast.com\/product\/yoast-seo-wordpress\/ -->\n<title>Posizione - Hotel Golf Prague<\/title>\n<meta name=\"description\" content=\"L\u2019hotel Golf e Golf Depandance si trova a Praga, in una delle citt\u00e0 pi\u00f9 belle nel cuore dell\u2019Europa. Grazie alla sua posizione in mezzo al parco naturale di Ko\u0161\u00ed\u0159e-Motol, vicino ad un campo da golf, a 15 minuti dal centro e a 20 minuti dall\u2019aeroporto, \u00e8 la scelta ideale per turisti, gruppi e clienti aziendali. Grazie alle sue dimensioni, \u00e8 in grado di ospitare grandi eventi. In automobile\u00a0Coordinate GPS: 50\u00b04\u20192.6\u2033N 14\u00b020\u201941.14\u2033E Dove andare in giro per Praga? O suggerimenti su alcuni dei nostri monumenti.\" \/>\n<meta name=\"robots\" content=\"index, follow, max-snippet:-1, max-image-preview:large, max-video-preview:-1\" \/>\n<link rel=\"canonical\" href=\"https:\/\/www.hotel-golf.cz\/it\/posizione\/\" \/>\n<meta property=\"og:locale\" content=\"it_IT\" \/>\n<meta property=\"og:type\" content=\"article\" \/>\n<meta property=\"og:title\" content=\"Posizione - Hotel Golf Prague\" \/>\n<meta property=\"og:description\" content=\"L\u2019hotel Golf e Golf Depandance si trova a Praga, in una delle citt\u00e0 pi\u00f9 belle nel cuore dell\u2019Europa. Grazie alla sua posizione in mezzo al parco naturale di Ko\u0161\u00ed\u0159e-Motol, vicino ad un campo da golf, a 15 minuti dal centro e a 20 minuti dall\u2019aeroporto, \u00e8 la scelta ideale per turisti, gruppi e clienti aziendali. Grazie alle sue dimensioni, \u00e8 in grado di ospitare grandi eventi. In automobile\u00a0Coordinate GPS: 50\u00b04\u20192.6\u2033N 14\u00b020\u201941.14\u2033E Dove andare in giro per Praga? O suggerimenti su alcuni dei nostri monumenti.\" \/>\n<meta property=\"og:url\" content=\"https:\/\/www.hotel-golf.cz\/it\/posizione\/\" \/>\n<meta property=\"og:site_name\" content=\"Hotel Golf Prague\" \/>\n<meta property=\"article:publisher\" content=\"https:\/\/www.facebook.com\/hotelgolfprague\/\" \/>\n<meta property=\"article:modified_time\" content=\"2025-11-06T09:39:53+00:00\" \/>\n<meta name=\"twitter:card\" content=\"summary_large_image\" \/>\n<meta name=\"twitter:label1\" content=\"Tempo di lettura stimato\" \/>\n\t<meta name=\"twitter:data1\" content=\"1 minuto\" \/>\n<script type=\"application\/ld+json\" class=\"yoast-schema-graph\">{\"@context\":\"https:\\\/\\\/schema.org\",\"@graph\":[{\"@type\":\"WebPage\",\"@id\":\"https:\\\/\\\/www.hotel-golf.cz\\\/it\\\/posizione\\\/\",\"url\":\"https:\\\/\\\/www.hotel-golf.cz\\\/it\\\/posizione\\\/\",\"name\":\"Posizione - Hotel Golf Prague\",\"isPartOf\":{\"@id\":\"https:\\\/\\\/www.hotel-golf.cz\\\/it\\\/#website\"},\"datePublished\":\"2024-10-24T15:20:17+00:00\",\"dateModified\":\"2025-11-06T09:39:53+00:00\",\"description\":\"L\u2019hotel Golf e Golf Depandance si trova a Praga, in una delle citt\u00e0 pi\u00f9 belle nel cuore dell\u2019Europa. Grazie alla sua posizione in mezzo al parco naturale di Ko\u0161\u00ed\u0159e-Motol, vicino ad un campo da golf, a 15 minuti dal centro e a 20 minuti dall\u2019aeroporto, \u00e8 la scelta ideale per turisti, gruppi e clienti aziendali. Grazie alle sue dimensioni, \u00e8 in grado di ospitare grandi eventi. In automobile\u00a0Coordinate GPS: 50\u00b04\u20192.6\u2033N 14\u00b020\u201941.14\u2033E Dove andare in giro per Praga? O suggerimenti su alcuni dei nostri monumenti.\",\"breadcrumb\":{\"@id\":\"https:\\\/\\\/www.hotel-golf.cz\\\/it\\\/posizione\\\/#breadcrumb\"},\"inLanguage\":\"it-IT\",\"potentialAction\":[{\"@type\":\"ReadAction\",\"target\":[\"https:\\\/\\\/www.hotel-golf.cz\\\/it\\\/posizione\\\/\"]}]},{\"@type\":\"BreadcrumbList\",\"@id\":\"https:\\\/\\\/www.hotel-golf.cz\\\/it\\\/posizione\\\/#breadcrumb\",\"itemListElement\":[{\"@type\":\"ListItem\",\"position\":1,\"name\":\"Home\",\"item\":\"https:\\\/\\\/www.hotel-golf.cz\\\/it\\\/\"},{\"@type\":\"ListItem\",\"position\":2,\"name\":\"Posizione\"}]},{\"@type\":\"WebSite\",\"@id\":\"https:\\\/\\\/www.hotel-golf.cz\\\/it\\\/#website\",\"url\":\"https:\\\/\\\/www.hotel-golf.cz\\\/it\\\/\",\"name\":\"Hotel Golf Prague\",\"description\":\"Romantika ve dvou, dovolen\u00e1 s d\u011btmi, ubytov\u00e1n\u00ed pro firmy, konference, wellness. C\u00edl cesty do Prahy si vyberte sami. O va\u0161e pohodl\u00ed se postar\u00e1me my.\",\"publisher\":{\"@id\":\"https:\\\/\\\/www.hotel-golf.cz\\\/it\\\/#organization\"},\"alternateName\":\"Hotel Golf Prague\",\"potentialAction\":[{\"@type\":\"SearchAction\",\"target\":{\"@type\":\"EntryPoint\",\"urlTemplate\":\"https:\\\/\\\/www.hotel-golf.cz\\\/it\\\/?s={search_term_string}\"},\"query-input\":{\"@type\":\"PropertyValueSpecification\",\"valueRequired\":true,\"valueName\":\"search_term_string\"}}],\"inLanguage\":\"it-IT\"},{\"@type\":\"Organization\",\"@id\":\"https:\\\/\\\/www.hotel-golf.cz\\\/it\\\/#organization\",\"name\":\"Hotel Golf Prague\",\"url\":\"https:\\\/\\\/www.hotel-golf.cz\\\/it\\\/\",\"logo\":{\"@type\":\"ImageObject\",\"inLanguage\":\"it-IT\",\"@id\":\"https:\\\/\\\/www.hotel-golf.cz\\\/it\\\/#\\\/schema\\\/logo\\\/image\\\/\",\"url\":\"https:\\\/\\\/www.hotel-golf.cz\\\/wp-content\\\/uploads\\\/sites\\\/177\\\/2024\\\/10\\\/Logo_Hotel_Golf_Prague_black.svg\",\"contentUrl\":\"https:\\\/\\\/www.hotel-golf.cz\\\/wp-content\\\/uploads\\\/sites\\\/177\\\/2024\\\/10\\\/Logo_Hotel_Golf_Prague_black.svg\",\"width\":272,\"height\":79,\"caption\":\"Hotel Golf Prague\"},\"image\":{\"@id\":\"https:\\\/\\\/www.hotel-golf.cz\\\/it\\\/#\\\/schema\\\/logo\\\/image\\\/\"},\"sameAs\":[\"https:\\\/\\\/www.facebook.com\\\/hotelgolfprague\\\/\",\"https:\\\/\\\/www.instagram.com\\\/hotelgolfprague\\\/\",\"https:\\\/\\\/www.tripadvisor.com\\\/Hotel_Review-g274707-d277209-Reviews-Hotel_Golf-Prague_Bohemia.html\"]}]}<\/script>\n<!-- \/ Yoast SEO plugin. -->","yoast_head_json":{"title":"Posizione - Hotel Golf Prague","description":"L\u2019hotel Golf e Golf Depandance si trova a Praga, in una delle citt\u00e0 pi\u00f9 belle nel cuore dell\u2019Europa. Grazie alla sua posizione in mezzo al parco naturale di Ko\u0161\u00ed\u0159e-Motol, vicino ad un campo da golf, a 15 minuti dal centro e a 20 minuti dall\u2019aeroporto, \u00e8 la scelta ideale per turisti, gruppi e clienti aziendali. Grazie alle sue dimensioni, \u00e8 in grado di ospitare grandi eventi. In automobile\u00a0Coordinate GPS: 50\u00b04\u20192.6\u2033N 14\u00b020\u201941.14\u2033E Dove andare in giro per Praga? O suggerimenti su alcuni dei nostri monumenti.","robots":{"index":"index","follow":"follow","max-snippet":"max-snippet:-1","max-image-preview":"max-image-preview:large","max-video-preview":"max-video-preview:-1"},"canonical":"https:\/\/www.hotel-golf.cz\/it\/posizione\/","og_locale":"it_IT","og_type":"article","og_title":"Posizione - Hotel Golf Prague","og_description":"L\u2019hotel Golf e Golf Depandance si trova a Praga, in una delle citt\u00e0 pi\u00f9 belle nel cuore dell\u2019Europa. Grazie alla sua posizione in mezzo al parco naturale di Ko\u0161\u00ed\u0159e-Motol, vicino ad un campo da golf, a 15 minuti dal centro e a 20 minuti dall\u2019aeroporto, \u00e8 la scelta ideale per turisti, gruppi e clienti aziendali. Grazie alle sue dimensioni, \u00e8 in grado di ospitare grandi eventi. In automobile\u00a0Coordinate GPS: 50\u00b04\u20192.6\u2033N 14\u00b020\u201941.14\u2033E Dove andare in giro per Praga? O suggerimenti su alcuni dei nostri monumenti.","og_url":"https:\/\/www.hotel-golf.cz\/it\/posizione\/","og_site_name":"Hotel Golf Prague","article_publisher":"https:\/\/www.facebook.com\/hotelgolfprague\/","article_modified_time":"2025-11-06T09:39:53+00:00","twitter_card":"summary_large_image","twitter_misc":{"Tempo di lettura stimato":"1 minuto"},"schema":{"@context":"https:\/\/schema.org","@graph":[{"@type":"WebPage","@id":"https:\/\/www.hotel-golf.cz\/it\/posizione\/","url":"https:\/\/www.hotel-golf.cz\/it\/posizione\/","name":"Posizione - Hotel Golf Prague","isPartOf":{"@id":"https:\/\/www.hotel-golf.cz\/it\/#website"},"datePublished":"2024-10-24T15:20:17+00:00","dateModified":"2025-11-06T09:39:53+00:00","description":"L\u2019hotel Golf e Golf Depandance si trova a Praga, in una delle citt\u00e0 pi\u00f9 belle nel cuore dell\u2019Europa. Grazie alla sua posizione in mezzo al parco naturale di Ko\u0161\u00ed\u0159e-Motol, vicino ad un campo da golf, a 15 minuti dal centro e a 20 minuti dall\u2019aeroporto, \u00e8 la scelta ideale per turisti, gruppi e clienti aziendali. Grazie alle sue dimensioni, \u00e8 in grado di ospitare grandi eventi. In automobile\u00a0Coordinate GPS: 50\u00b04\u20192.6\u2033N 14\u00b020\u201941.14\u2033E Dove andare in giro per Praga? O suggerimenti su alcuni dei nostri monumenti.","breadcrumb":{"@id":"https:\/\/www.hotel-golf.cz\/it\/posizione\/#breadcrumb"},"inLanguage":"it-IT","potentialAction":[{"@type":"ReadAction","target":["https:\/\/www.hotel-golf.cz\/it\/posizione\/"]}]},{"@type":"BreadcrumbList","@id":"https:\/\/www.hotel-golf.cz\/it\/posizione\/#breadcrumb","itemListElement":[{"@type":"ListItem","position":1,"name":"Home","item":"https:\/\/www.hotel-golf.cz\/it\/"},{"@type":"ListItem","position":2,"name":"Posizione"}]},{"@type":"WebSite","@id":"https:\/\/www.hotel-golf.cz\/it\/#website","url":"https:\/\/www.hotel-golf.cz\/it\/","name":"Hotel Golf Prague","description":"Romantika ve dvou, dovolen\u00e1 s d\u011btmi, ubytov\u00e1n\u00ed pro firmy, konference, wellness. C\u00edl cesty do Prahy si vyberte sami. O va\u0161e pohodl\u00ed se postar\u00e1me my.","publisher":{"@id":"https:\/\/www.hotel-golf.cz\/it\/#organization"},"alternateName":"Hotel Golf Prague","potentialAction":[{"@type":"SearchAction","target":{"@type":"EntryPoint","urlTemplate":"https:\/\/www.hotel-golf.cz\/it\/?s={search_term_string}"},"query-input":{"@type":"PropertyValueSpecification","valueRequired":true,"valueName":"search_term_string"}}],"inLanguage":"it-IT"},{"@type":"Organization","@id":"https:\/\/www.hotel-golf.cz\/it\/#organization","name":"Hotel Golf Prague","url":"https:\/\/www.hotel-golf.cz\/it\/","logo":{"@type":"ImageObject","inLanguage":"it-IT","@id":"https:\/\/www.hotel-golf.cz\/it\/#\/schema\/logo\/image\/","url":"https:\/\/www.hotel-golf.cz\/wp-content\/uploads\/sites\/177\/2024\/10\/Logo_Hotel_Golf_Prague_black.svg","contentUrl":"https:\/\/www.hotel-golf.cz\/wp-content\/uploads\/sites\/177\/2024\/10\/Logo_Hotel_Golf_Prague_black.svg","width":272,"height":79,"caption":"Hotel Golf Prague"},"image":{"@id":"https:\/\/www.hotel-golf.cz\/it\/#\/schema\/logo\/image\/"},"sameAs":["https:\/\/www.facebook.com\/hotelgolfprague\/","https:\/\/www.instagram.com\/hotelgolfprague\/","https:\/\/www.tripadvisor.com\/Hotel_Review-g274707-d277209-Reviews-Hotel_Golf-Prague_Bohemia.html"]}]}},"acf":[],"_links":{"self":[{"href":"https:\/\/www.hotel-golf.cz\/it\/wp-json\/wp\/v2\/pages\/1170","targetHints":{"allow":["GET"]}}],"collection":[{"href":"https:\/\/www.hotel-golf.cz\/it\/wp-json\/wp\/v2\/pages"}],"about":[{"href":"https:\/\/www.hotel-golf.cz\/it\/wp-json\/wp\/v2\/types\/page"}],"author":[{"embeddable":true,"href":"https:\/\/www.hotel-golf.cz\/it\/wp-json\/wp\/v2\/users\/12"}],"replies":[{"embeddable":true,"href":"https:\/\/www.hotel-golf.cz\/it\/wp-json\/wp\/v2\/comments?post=1170"}],"version-history":[{"count":0,"href":"https:\/\/www.hotel-golf.cz\/it\/wp-json\/wp\/v2\/pages\/1170\/revisions"}],"wp:attachment":[{"href":"https:\/\/www.hotel-golf.cz\/it\/wp-json\/wp\/v2\/media?parent=1170"}],"curies":[{"name":"wp","href":"https:\/\/api.w.org\/{rel}","templated":true}]}}