{"id":1134,"date":"2024-11-27T16:19:01","date_gmt":"2024-11-27T16:19:01","guid":{"rendered":"https:\/\/hotel-golf-prague.ms2.decms.eu\/?page_id=1134"},"modified":"2025-03-06T09:50:26","modified_gmt":"2025-03-06T09:50:26","slug":"alloggi-per-coppie","status":"publish","type":"page","link":"https:\/\/www.hotel-golf.cz\/it\/alloggi-per-coppie\/","title":{"rendered":"Alloggi per coppie"},"content":{"rendered":"<p>Vuoi goderti una vacanza romantica a Praga? Oppure cerchi un posto dove sorprendere la tua dolce met\u00e0 e organizzare una serata speciale per due? L&#8217;Hotel Golf offre alloggi per coppie con servizi esclusivi che renderanno il tuo soggiorno un&#8217;esperienza indimenticabile.<\/p>\n","protected":false},"excerpt":{"rendered":"<p>Vuoi goderti una vacanza romantica a Praga? Oppure cerchi un posto dove sorprendere la tua dolce met\u00e0 e organizzare una serata speciale per due? L&#8217;Hotel Golf offre alloggi per coppie con servizi esclusivi che renderanno il tuo soggiorno un&#8217;esperienza indimenticabile.<\/p>\n","protected":false},"author":12,"featured_media":454,"parent":0,"menu_order":34,"comment_status":"closed","ping_status":"closed","template":"template-services-v2.php","meta":{"footnotes":""},"class_list":["post-1134","page","type-page","status-publish","has-post-thumbnail","hentry"],"yoast_head":"<!-- This site is optimized with the Yoast SEO plugin v27.3 - https:\/\/yoast.com\/product\/yoast-seo-wordpress\/ -->\n<title>Alloggi per coppie - Hotel Golf Prague<\/title>\n<meta name=\"description\" content=\"Vuoi goderti una vacanza romantica a Praga? Oppure cerchi un posto dove sorprendere la tua dolce met\u00e0 e organizzare una serata speciale per due? L&#039;Hotel Golf offre alloggi per coppie con servizi esclusivi che renderanno il tuo soggiorno un&#039;esperienza indimenticabile..\" \/>\n<meta name=\"robots\" content=\"index, follow, max-snippet:-1, max-image-preview:large, max-video-preview:-1\" \/>\n<link rel=\"canonical\" href=\"https:\/\/www.hotel-golf.cz\/it\/alloggi-per-coppie\/\" \/>\n<meta property=\"og:locale\" content=\"it_IT\" \/>\n<meta property=\"og:type\" content=\"article\" \/>\n<meta property=\"og:title\" content=\"Alloggi per coppie - Hotel Golf Prague\" \/>\n<meta property=\"og:description\" content=\"Vuoi goderti una vacanza romantica a Praga? Oppure cerchi un posto dove sorprendere la tua dolce met\u00e0 e organizzare una serata speciale per due? L&#039;Hotel Golf offre alloggi per coppie con servizi esclusivi che renderanno il tuo soggiorno un&#039;esperienza indimenticabile..\" \/>\n<meta property=\"og:url\" content=\"https:\/\/www.hotel-golf.cz\/it\/alloggi-per-coppie\/\" \/>\n<meta property=\"og:site_name\" content=\"Hotel Golf Prague\" \/>\n<meta property=\"article:publisher\" content=\"https:\/\/www.facebook.com\/hotelgolfprague\/\" \/>\n<meta property=\"article:modified_time\" content=\"2025-03-06T09:50:26+00:00\" \/>\n<meta property=\"og:image\" content=\"https:\/\/www.hotel-golf.cz\/wp-content\/uploads\/sites\/177\/2024\/11\/charming-young-couple-cozy-white-home-clothes-poses-room-with-christmas-tree.jpg\" \/>\n\t<meta property=\"og:image:width\" content=\"1200\" \/>\n\t<meta property=\"og:image:height\" content=\"800\" \/>\n\t<meta property=\"og:image:type\" content=\"image\/jpeg\" \/>\n<meta name=\"twitter:card\" content=\"summary_large_image\" \/>\n<meta name=\"twitter:label1\" content=\"Tempo di lettura stimato\" \/>\n\t<meta name=\"twitter:data1\" content=\"1 minuto\" \/>\n<script type=\"application\/ld+json\" class=\"yoast-schema-graph\">{\"@context\":\"https:\\\/\\\/schema.org\",\"@graph\":[{\"@type\":\"WebPage\",\"@id\":\"https:\\\/\\\/www.hotel-golf.cz\\\/it\\\/alloggi-per-coppie\\\/\",\"url\":\"https:\\\/\\\/www.hotel-golf.cz\\\/it\\\/alloggi-per-coppie\\\/\",\"name\":\"Alloggi per coppie - Hotel Golf Prague\",\"isPartOf\":{\"@id\":\"https:\\\/\\\/www.hotel-golf.cz\\\/it\\\/#website\"},\"primaryImageOfPage\":{\"@id\":\"https:\\\/\\\/www.hotel-golf.cz\\\/it\\\/alloggi-per-coppie\\\/#primaryimage\"},\"image\":{\"@id\":\"https:\\\/\\\/www.hotel-golf.cz\\\/it\\\/alloggi-per-coppie\\\/#primaryimage\"},\"thumbnailUrl\":\"https:\\\/\\\/www.hotel-golf.cz\\\/wp-content\\\/uploads\\\/sites\\\/177\\\/2024\\\/11\\\/charming-young-couple-cozy-white-home-clothes-poses-room-with-christmas-tree.jpg\",\"datePublished\":\"2024-11-27T16:19:01+00:00\",\"dateModified\":\"2025-03-06T09:50:26+00:00\",\"description\":\"Vuoi goderti una vacanza romantica a Praga? Oppure cerchi un posto dove sorprendere la tua dolce met\u00e0 e organizzare una serata speciale per due? L'Hotel Golf offre alloggi per coppie con servizi esclusivi che renderanno il tuo soggiorno un'esperienza indimenticabile..\",\"breadcrumb\":{\"@id\":\"https:\\\/\\\/www.hotel-golf.cz\\\/it\\\/alloggi-per-coppie\\\/#breadcrumb\"},\"inLanguage\":\"it-IT\",\"potentialAction\":[{\"@type\":\"ReadAction\",\"target\":[\"https:\\\/\\\/www.hotel-golf.cz\\\/it\\\/alloggi-per-coppie\\\/\"]}]},{\"@type\":\"ImageObject\",\"inLanguage\":\"it-IT\",\"@id\":\"https:\\\/\\\/www.hotel-golf.cz\\\/it\\\/alloggi-per-coppie\\\/#primaryimage\",\"url\":\"https:\\\/\\\/www.hotel-golf.cz\\\/wp-content\\\/uploads\\\/sites\\\/177\\\/2024\\\/11\\\/charming-young-couple-cozy-white-home-clothes-poses-room-with-christmas-tree.jpg\",\"contentUrl\":\"https:\\\/\\\/www.hotel-golf.cz\\\/wp-content\\\/uploads\\\/sites\\\/177\\\/2024\\\/11\\\/charming-young-couple-cozy-white-home-clothes-poses-room-with-christmas-tree.jpg\",\"width\":1200,\"height\":800},{\"@type\":\"BreadcrumbList\",\"@id\":\"https:\\\/\\\/www.hotel-golf.cz\\\/it\\\/alloggi-per-coppie\\\/#breadcrumb\",\"itemListElement\":[{\"@type\":\"ListItem\",\"position\":1,\"name\":\"Home\",\"item\":\"https:\\\/\\\/www.hotel-golf.cz\\\/it\\\/\"},{\"@type\":\"ListItem\",\"position\":2,\"name\":\"Alloggi per coppie\"}]},{\"@type\":\"WebSite\",\"@id\":\"https:\\\/\\\/www.hotel-golf.cz\\\/it\\\/#website\",\"url\":\"https:\\\/\\\/www.hotel-golf.cz\\\/it\\\/\",\"name\":\"Hotel Golf Prague\",\"description\":\"Romantika ve dvou, dovolen\u00e1 s d\u011btmi, ubytov\u00e1n\u00ed pro firmy, konference, wellness. C\u00edl cesty do Prahy si vyberte sami. O va\u0161e pohodl\u00ed se postar\u00e1me my.\",\"publisher\":{\"@id\":\"https:\\\/\\\/www.hotel-golf.cz\\\/it\\\/#organization\"},\"alternateName\":\"Hotel Golf Prague\",\"potentialAction\":[{\"@type\":\"SearchAction\",\"target\":{\"@type\":\"EntryPoint\",\"urlTemplate\":\"https:\\\/\\\/www.hotel-golf.cz\\\/it\\\/?s={search_term_string}\"},\"query-input\":{\"@type\":\"PropertyValueSpecification\",\"valueRequired\":true,\"valueName\":\"search_term_string\"}}],\"inLanguage\":\"it-IT\"},{\"@type\":\"Organization\",\"@id\":\"https:\\\/\\\/www.hotel-golf.cz\\\/it\\\/#organization\",\"name\":\"Hotel Golf Prague\",\"url\":\"https:\\\/\\\/www.hotel-golf.cz\\\/it\\\/\",\"logo\":{\"@type\":\"ImageObject\",\"inLanguage\":\"it-IT\",\"@id\":\"https:\\\/\\\/www.hotel-golf.cz\\\/it\\\/#\\\/schema\\\/logo\\\/image\\\/\",\"url\":\"https:\\\/\\\/www.hotel-golf.cz\\\/wp-content\\\/uploads\\\/sites\\\/177\\\/2024\\\/10\\\/Logo_Hotel_Golf_Prague_black.svg\",\"contentUrl\":\"https:\\\/\\\/www.hotel-golf.cz\\\/wp-content\\\/uploads\\\/sites\\\/177\\\/2024\\\/10\\\/Logo_Hotel_Golf_Prague_black.svg\",\"width\":272,\"height\":79,\"caption\":\"Hotel Golf Prague\"},\"image\":{\"@id\":\"https:\\\/\\\/www.hotel-golf.cz\\\/it\\\/#\\\/schema\\\/logo\\\/image\\\/\"},\"sameAs\":[\"https:\\\/\\\/www.facebook.com\\\/hotelgolfprague\\\/\",\"https:\\\/\\\/www.instagram.com\\\/hotelgolfprague\\\/\",\"https:\\\/\\\/www.tripadvisor.com\\\/Hotel_Review-g274707-d277209-Reviews-Hotel_Golf-Prague_Bohemia.html\"]}]}<\/script>\n<!-- \/ Yoast SEO plugin. -->","yoast_head_json":{"title":"Alloggi per coppie - Hotel Golf Prague","description":"Vuoi goderti una vacanza romantica a Praga? Oppure cerchi un posto dove sorprendere la tua dolce met\u00e0 e organizzare una serata speciale per due? L'Hotel Golf offre alloggi per coppie con servizi esclusivi che renderanno il tuo soggiorno un'esperienza indimenticabile..","robots":{"index":"index","follow":"follow","max-snippet":"max-snippet:-1","max-image-preview":"max-image-preview:large","max-video-preview":"max-video-preview:-1"},"canonical":"https:\/\/www.hotel-golf.cz\/it\/alloggi-per-coppie\/","og_locale":"it_IT","og_type":"article","og_title":"Alloggi per coppie - Hotel Golf Prague","og_description":"Vuoi goderti una vacanza romantica a Praga? Oppure cerchi un posto dove sorprendere la tua dolce met\u00e0 e organizzare una serata speciale per due? L'Hotel Golf offre alloggi per coppie con servizi esclusivi che renderanno il tuo soggiorno un'esperienza indimenticabile..","og_url":"https:\/\/www.hotel-golf.cz\/it\/alloggi-per-coppie\/","og_site_name":"Hotel Golf Prague","article_publisher":"https:\/\/www.facebook.com\/hotelgolfprague\/","article_modified_time":"2025-03-06T09:50:26+00:00","og_image":[{"width":1200,"height":800,"url":"https:\/\/www.hotel-golf.cz\/wp-content\/uploads\/sites\/177\/2024\/11\/charming-young-couple-cozy-white-home-clothes-poses-room-with-christmas-tree.jpg","type":"image\/jpeg"}],"twitter_card":"summary_large_image","twitter_misc":{"Tempo di lettura stimato":"1 minuto"},"schema":{"@context":"https:\/\/schema.org","@graph":[{"@type":"WebPage","@id":"https:\/\/www.hotel-golf.cz\/it\/alloggi-per-coppie\/","url":"https:\/\/www.hotel-golf.cz\/it\/alloggi-per-coppie\/","name":"Alloggi per coppie - Hotel Golf Prague","isPartOf":{"@id":"https:\/\/www.hotel-golf.cz\/it\/#website"},"primaryImageOfPage":{"@id":"https:\/\/www.hotel-golf.cz\/it\/alloggi-per-coppie\/#primaryimage"},"image":{"@id":"https:\/\/www.hotel-golf.cz\/it\/alloggi-per-coppie\/#primaryimage"},"thumbnailUrl":"https:\/\/www.hotel-golf.cz\/wp-content\/uploads\/sites\/177\/2024\/11\/charming-young-couple-cozy-white-home-clothes-poses-room-with-christmas-tree.jpg","datePublished":"2024-11-27T16:19:01+00:00","dateModified":"2025-03-06T09:50:26+00:00","description":"Vuoi goderti una vacanza romantica a Praga? Oppure cerchi un posto dove sorprendere la tua dolce met\u00e0 e organizzare una serata speciale per due? L'Hotel Golf offre alloggi per coppie con servizi esclusivi che renderanno il tuo soggiorno un'esperienza indimenticabile..","breadcrumb":{"@id":"https:\/\/www.hotel-golf.cz\/it\/alloggi-per-coppie\/#breadcrumb"},"inLanguage":"it-IT","potentialAction":[{"@type":"ReadAction","target":["https:\/\/www.hotel-golf.cz\/it\/alloggi-per-coppie\/"]}]},{"@type":"ImageObject","inLanguage":"it-IT","@id":"https:\/\/www.hotel-golf.cz\/it\/alloggi-per-coppie\/#primaryimage","url":"https:\/\/www.hotel-golf.cz\/wp-content\/uploads\/sites\/177\/2024\/11\/charming-young-couple-cozy-white-home-clothes-poses-room-with-christmas-tree.jpg","contentUrl":"https:\/\/www.hotel-golf.cz\/wp-content\/uploads\/sites\/177\/2024\/11\/charming-young-couple-cozy-white-home-clothes-poses-room-with-christmas-tree.jpg","width":1200,"height":800},{"@type":"BreadcrumbList","@id":"https:\/\/www.hotel-golf.cz\/it\/alloggi-per-coppie\/#breadcrumb","itemListElement":[{"@type":"ListItem","position":1,"name":"Home","item":"https:\/\/www.hotel-golf.cz\/it\/"},{"@type":"ListItem","position":2,"name":"Alloggi per coppie"}]},{"@type":"WebSite","@id":"https:\/\/www.hotel-golf.cz\/it\/#website","url":"https:\/\/www.hotel-golf.cz\/it\/","name":"Hotel Golf Prague","description":"Romantika ve dvou, dovolen\u00e1 s d\u011btmi, ubytov\u00e1n\u00ed pro firmy, konference, wellness. C\u00edl cesty do Prahy si vyberte sami. O va\u0161e pohodl\u00ed se postar\u00e1me my.","publisher":{"@id":"https:\/\/www.hotel-golf.cz\/it\/#organization"},"alternateName":"Hotel Golf Prague","potentialAction":[{"@type":"SearchAction","target":{"@type":"EntryPoint","urlTemplate":"https:\/\/www.hotel-golf.cz\/it\/?s={search_term_string}"},"query-input":{"@type":"PropertyValueSpecification","valueRequired":true,"valueName":"search_term_string"}}],"inLanguage":"it-IT"},{"@type":"Organization","@id":"https:\/\/www.hotel-golf.cz\/it\/#organization","name":"Hotel Golf Prague","url":"https:\/\/www.hotel-golf.cz\/it\/","logo":{"@type":"ImageObject","inLanguage":"it-IT","@id":"https:\/\/www.hotel-golf.cz\/it\/#\/schema\/logo\/image\/","url":"https:\/\/www.hotel-golf.cz\/wp-content\/uploads\/sites\/177\/2024\/10\/Logo_Hotel_Golf_Prague_black.svg","contentUrl":"https:\/\/www.hotel-golf.cz\/wp-content\/uploads\/sites\/177\/2024\/10\/Logo_Hotel_Golf_Prague_black.svg","width":272,"height":79,"caption":"Hotel Golf Prague"},"image":{"@id":"https:\/\/www.hotel-golf.cz\/it\/#\/schema\/logo\/image\/"},"sameAs":["https:\/\/www.facebook.com\/hotelgolfprague\/","https:\/\/www.instagram.com\/hotelgolfprague\/","https:\/\/www.tripadvisor.com\/Hotel_Review-g274707-d277209-Reviews-Hotel_Golf-Prague_Bohemia.html"]}]}},"acf":[],"_links":{"self":[{"href":"https:\/\/www.hotel-golf.cz\/it\/wp-json\/wp\/v2\/pages\/1134","targetHints":{"allow":["GET"]}}],"collection":[{"href":"https:\/\/www.hotel-golf.cz\/it\/wp-json\/wp\/v2\/pages"}],"about":[{"href":"https:\/\/www.hotel-golf.cz\/it\/wp-json\/wp\/v2\/types\/page"}],"author":[{"embeddable":true,"href":"https:\/\/www.hotel-golf.cz\/it\/wp-json\/wp\/v2\/users\/12"}],"replies":[{"embeddable":true,"href":"https:\/\/www.hotel-golf.cz\/it\/wp-json\/wp\/v2\/comments?post=1134"}],"version-history":[{"count":0,"href":"https:\/\/www.hotel-golf.cz\/it\/wp-json\/wp\/v2\/pages\/1134\/revisions"}],"wp:featuredmedia":[{"embeddable":true,"href":"https:\/\/www.hotel-golf.cz\/it\/wp-json\/wp\/v2\/media\/454"}],"wp:attachment":[{"href":"https:\/\/www.hotel-golf.cz\/it\/wp-json\/wp\/v2\/media?parent=1134"}],"curies":[{"name":"wp","href":"https:\/\/api.w.org\/{rel}","templated":true}]}}