{"id":32,"date":"2024-10-24T09:55:31","date_gmt":"2024-10-24T09:55:31","guid":{"rendered":"https:\/\/hotel-golf-prague.ms2.decms.eu\/?page_id=32"},"modified":"2024-10-24T09:55:51","modified_gmt":"2024-10-24T09:55:51","slug":"sitemap","status":"publish","type":"page","link":"https:\/\/www.hotel-golf.cz\/en\/sitemap\/","title":{"rendered":"Sitemap"},"content":{"rendered":"","protected":false},"excerpt":{"rendered":"","protected":false},"author":12,"featured_media":0,"parent":0,"menu_order":1000,"comment_status":"closed","ping_status":"closed","template":"template-sitemap.php","meta":{"footnotes":""},"class_list":["post-32","page","type-page","status-publish","hentry"],"yoast_head":"<!-- This site is optimized with the Yoast SEO plugin v27.3 - https:\/\/yoast.com\/product\/yoast-seo-wordpress\/ -->\n<title>Sitemap - Hotel Golf Prague<\/title>\n<meta name=\"description\" content=\".\" \/>\n<meta name=\"robots\" content=\"index, follow, max-snippet:-1, max-image-preview:large, max-video-preview:-1\" \/>\n<link rel=\"canonical\" href=\"https:\/\/www.hotel-golf.cz\/en\/sitemap\/\" \/>\n<meta property=\"og:locale\" content=\"en_US\" \/>\n<meta property=\"og:type\" content=\"article\" \/>\n<meta property=\"og:title\" content=\"Sitemap - Hotel Golf Prague\" \/>\n<meta property=\"og:description\" content=\".\" \/>\n<meta property=\"og:url\" content=\"https:\/\/www.hotel-golf.cz\/en\/sitemap\/\" \/>\n<meta property=\"og:site_name\" content=\"Hotel Golf Prague\" \/>\n<meta property=\"article:publisher\" content=\"https:\/\/www.facebook.com\/hotelgolfprague\/\" \/>\n<meta property=\"article:modified_time\" content=\"2024-10-24T09:55:51+00:00\" \/>\n<meta name=\"twitter:card\" content=\"summary_large_image\" \/>\n<script type=\"application\/ld+json\" class=\"yoast-schema-graph\">{\"@context\":\"https:\\\/\\\/schema.org\",\"@graph\":[{\"@type\":\"WebPage\",\"@id\":\"https:\\\/\\\/www.hotel-golf.cz\\\/en\\\/sitemap\\\/\",\"url\":\"https:\\\/\\\/www.hotel-golf.cz\\\/en\\\/sitemap\\\/\",\"name\":\"Sitemap - Hotel Golf Prague\",\"isPartOf\":{\"@id\":\"https:\\\/\\\/www.hotel-golf.cz\\\/en\\\/#website\"},\"datePublished\":\"2024-10-24T09:55:31+00:00\",\"dateModified\":\"2024-10-24T09:55:51+00:00\",\"description\":\".\",\"breadcrumb\":{\"@id\":\"https:\\\/\\\/www.hotel-golf.cz\\\/en\\\/sitemap\\\/#breadcrumb\"},\"inLanguage\":\"en-US\",\"potentialAction\":[{\"@type\":\"ReadAction\",\"target\":[\"https:\\\/\\\/www.hotel-golf.cz\\\/en\\\/sitemap\\\/\"]}]},{\"@type\":\"BreadcrumbList\",\"@id\":\"https:\\\/\\\/www.hotel-golf.cz\\\/en\\\/sitemap\\\/#breadcrumb\",\"itemListElement\":[{\"@type\":\"ListItem\",\"position\":1,\"name\":\"Home\",\"item\":\"https:\\\/\\\/www.hotel-golf.cz\\\/en\\\/\"},{\"@type\":\"ListItem\",\"position\":2,\"name\":\"Sitemap\"}]},{\"@type\":\"WebSite\",\"@id\":\"https:\\\/\\\/www.hotel-golf.cz\\\/en\\\/#website\",\"url\":\"https:\\\/\\\/www.hotel-golf.cz\\\/en\\\/\",\"name\":\"Hotel Golf Prague\",\"description\":\"Romantika ve dvou, dovolen\u00e1 s d\u011btmi, ubytov\u00e1n\u00ed pro firmy, konference, wellness. C\u00edl cesty do Prahy si vyberte sami. O va\u0161e pohodl\u00ed se postar\u00e1me my.\",\"publisher\":{\"@id\":\"https:\\\/\\\/www.hotel-golf.cz\\\/en\\\/#organization\"},\"alternateName\":\"Hotel Golf Prague\",\"potentialAction\":[{\"@type\":\"SearchAction\",\"target\":{\"@type\":\"EntryPoint\",\"urlTemplate\":\"https:\\\/\\\/www.hotel-golf.cz\\\/en\\\/?s={search_term_string}\"},\"query-input\":{\"@type\":\"PropertyValueSpecification\",\"valueRequired\":true,\"valueName\":\"search_term_string\"}}],\"inLanguage\":\"en-US\"},{\"@type\":\"Organization\",\"@id\":\"https:\\\/\\\/www.hotel-golf.cz\\\/en\\\/#organization\",\"name\":\"Hotel Golf Prague\",\"url\":\"https:\\\/\\\/www.hotel-golf.cz\\\/en\\\/\",\"logo\":{\"@type\":\"ImageObject\",\"inLanguage\":\"en-US\",\"@id\":\"https:\\\/\\\/www.hotel-golf.cz\\\/en\\\/#\\\/schema\\\/logo\\\/image\\\/\",\"url\":\"https:\\\/\\\/www.hotel-golf.cz\\\/wp-content\\\/uploads\\\/sites\\\/177\\\/2024\\\/10\\\/Logo_Hotel_Golf_Prague_black.svg\",\"contentUrl\":\"https:\\\/\\\/www.hotel-golf.cz\\\/wp-content\\\/uploads\\\/sites\\\/177\\\/2024\\\/10\\\/Logo_Hotel_Golf_Prague_black.svg\",\"width\":272,\"height\":79,\"caption\":\"Hotel Golf Prague\"},\"image\":{\"@id\":\"https:\\\/\\\/www.hotel-golf.cz\\\/en\\\/#\\\/schema\\\/logo\\\/image\\\/\"},\"sameAs\":[\"https:\\\/\\\/www.facebook.com\\\/hotelgolfprague\\\/\",\"https:\\\/\\\/www.instagram.com\\\/hotelgolfprague\\\/\",\"https:\\\/\\\/www.tripadvisor.com\\\/Hotel_Review-g274707-d277209-Reviews-Hotel_Golf-Prague_Bohemia.html\"]}]}<\/script>\n<!-- \/ Yoast SEO plugin. -->","yoast_head_json":{"title":"Sitemap - Hotel Golf Prague","description":".","robots":{"index":"index","follow":"follow","max-snippet":"max-snippet:-1","max-image-preview":"max-image-preview:large","max-video-preview":"max-video-preview:-1"},"canonical":"https:\/\/www.hotel-golf.cz\/en\/sitemap\/","og_locale":"en_US","og_type":"article","og_title":"Sitemap - Hotel Golf Prague","og_description":".","og_url":"https:\/\/www.hotel-golf.cz\/en\/sitemap\/","og_site_name":"Hotel Golf Prague","article_publisher":"https:\/\/www.facebook.com\/hotelgolfprague\/","article_modified_time":"2024-10-24T09:55:51+00:00","twitter_card":"summary_large_image","schema":{"@context":"https:\/\/schema.org","@graph":[{"@type":"WebPage","@id":"https:\/\/www.hotel-golf.cz\/en\/sitemap\/","url":"https:\/\/www.hotel-golf.cz\/en\/sitemap\/","name":"Sitemap - Hotel Golf Prague","isPartOf":{"@id":"https:\/\/www.hotel-golf.cz\/en\/#website"},"datePublished":"2024-10-24T09:55:31+00:00","dateModified":"2024-10-24T09:55:51+00:00","description":".","breadcrumb":{"@id":"https:\/\/www.hotel-golf.cz\/en\/sitemap\/#breadcrumb"},"inLanguage":"en-US","potentialAction":[{"@type":"ReadAction","target":["https:\/\/www.hotel-golf.cz\/en\/sitemap\/"]}]},{"@type":"BreadcrumbList","@id":"https:\/\/www.hotel-golf.cz\/en\/sitemap\/#breadcrumb","itemListElement":[{"@type":"ListItem","position":1,"name":"Home","item":"https:\/\/www.hotel-golf.cz\/en\/"},{"@type":"ListItem","position":2,"name":"Sitemap"}]},{"@type":"WebSite","@id":"https:\/\/www.hotel-golf.cz\/en\/#website","url":"https:\/\/www.hotel-golf.cz\/en\/","name":"Hotel Golf Prague","description":"Romantika ve dvou, dovolen\u00e1 s d\u011btmi, ubytov\u00e1n\u00ed pro firmy, konference, wellness. C\u00edl cesty do Prahy si vyberte sami. O va\u0161e pohodl\u00ed se postar\u00e1me my.","publisher":{"@id":"https:\/\/www.hotel-golf.cz\/en\/#organization"},"alternateName":"Hotel Golf Prague","potentialAction":[{"@type":"SearchAction","target":{"@type":"EntryPoint","urlTemplate":"https:\/\/www.hotel-golf.cz\/en\/?s={search_term_string}"},"query-input":{"@type":"PropertyValueSpecification","valueRequired":true,"valueName":"search_term_string"}}],"inLanguage":"en-US"},{"@type":"Organization","@id":"https:\/\/www.hotel-golf.cz\/en\/#organization","name":"Hotel Golf Prague","url":"https:\/\/www.hotel-golf.cz\/en\/","logo":{"@type":"ImageObject","inLanguage":"en-US","@id":"https:\/\/www.hotel-golf.cz\/en\/#\/schema\/logo\/image\/","url":"https:\/\/www.hotel-golf.cz\/wp-content\/uploads\/sites\/177\/2024\/10\/Logo_Hotel_Golf_Prague_black.svg","contentUrl":"https:\/\/www.hotel-golf.cz\/wp-content\/uploads\/sites\/177\/2024\/10\/Logo_Hotel_Golf_Prague_black.svg","width":272,"height":79,"caption":"Hotel Golf Prague"},"image":{"@id":"https:\/\/www.hotel-golf.cz\/en\/#\/schema\/logo\/image\/"},"sameAs":["https:\/\/www.facebook.com\/hotelgolfprague\/","https:\/\/www.instagram.com\/hotelgolfprague\/","https:\/\/www.tripadvisor.com\/Hotel_Review-g274707-d277209-Reviews-Hotel_Golf-Prague_Bohemia.html"]}]}},"acf":[],"_links":{"self":[{"href":"https:\/\/www.hotel-golf.cz\/en\/wp-json\/wp\/v2\/pages\/32","targetHints":{"allow":["GET"]}}],"collection":[{"href":"https:\/\/www.hotel-golf.cz\/en\/wp-json\/wp\/v2\/pages"}],"about":[{"href":"https:\/\/www.hotel-golf.cz\/en\/wp-json\/wp\/v2\/types\/page"}],"author":[{"embeddable":true,"href":"https:\/\/www.hotel-golf.cz\/en\/wp-json\/wp\/v2\/users\/12"}],"replies":[{"embeddable":true,"href":"https:\/\/www.hotel-golf.cz\/en\/wp-json\/wp\/v2\/comments?post=32"}],"version-history":[{"count":0,"href":"https:\/\/www.hotel-golf.cz\/en\/wp-json\/wp\/v2\/pages\/32\/revisions"}],"wp:attachment":[{"href":"https:\/\/www.hotel-golf.cz\/en\/wp-json\/wp\/v2\/media?parent=32"}],"curies":[{"name":"wp","href":"https:\/\/api.w.org\/{rel}","templated":true}]}}