{"id":1202,"date":"2024-11-27T18:08:55","date_gmt":"2024-11-27T18:08:55","guid":{"rendered":"https:\/\/hotel-golf-prague.ms2.decms.eu\/?page_id=1202"},"modified":"2025-10-15T07:42:57","modified_gmt":"2025-10-15T07:42:57","slug":"wellness-thajske-masaze","status":"publish","type":"page","link":"https:\/\/www.hotel-golf.cz\/en\/wellness-thajske-masaze\/","title":{"rendered":"Wellness \u2013 Thai Massages"},"content":{"rendered":"<p>Allow yourself to be pampered, restore lost energy, and give your body and mind the well-deserved relaxation.<\/p>\n<p>Choose from a wide range of Thai relaxation massages for the back and entire body. Our team of experienced masseuses with many years of practice will take care of you. Thai massage will help relieve muscle, joint, and spine pain. You\u2019ll feel like you\u2019ve been reborn. We also offer massages for children and pregnant women.<\/p>\n<p>Thai massages at Hotel Golf are available for both our <strong>hotel guest<\/strong>s and the <strong>general public<\/strong>.<\/p>\n","protected":false},"excerpt":{"rendered":"<p>Allow yourself to be pampered, restore lost energy, and give your body and mind the well-deserved relaxation. Choose from a wide range of Thai relaxation massages for the back and entire body. Our team of experienced masseuses with many years of practice will take care of you. Thai massage will help relieve muscle, joint, and [&hellip;]<\/p>\n","protected":false},"author":12,"featured_media":1728,"parent":0,"menu_order":50,"comment_status":"closed","ping_status":"closed","template":"template-spa.php","meta":{"footnotes":""},"yoast_head":"<!-- This site is optimized with the Yoast SEO plugin v22.3 - https:\/\/yoast.com\/wordpress\/plugins\/seo\/ -->\n<title>Wellness \u2013 Thai Massages - Hotel Golf Prague<\/title>\n<meta name=\"description\" content=\"Allow yourself to be pampered, restore lost energy, and give your body and mind the well-deserved relaxation.  Choose from a wide range of Thai relaxation massages for the back and entire body. Our team of experienced masseuses with many years of practice will take care of you\" \/>\n<meta name=\"robots\" content=\"index, follow, max-snippet:-1, max-image-preview:large, max-video-preview:-1\" \/>\n<link rel=\"canonical\" href=\"https:\/\/www.hotel-golf.cz\/en\/wellness-thajske-masaze\/\" \/>\n<meta property=\"og:locale\" content=\"en_US\" \/>\n<meta property=\"og:type\" content=\"article\" \/>\n<meta property=\"og:title\" content=\"Wellness \u2013 Thai Massages - Hotel Golf Prague\" \/>\n<meta property=\"og:description\" content=\"Allow yourself to be pampered, restore lost energy, and give your body and mind the well-deserved relaxation.  Choose from a wide range of Thai relaxation massages for the back and entire body. Our team of experienced masseuses with many years of practice will take care of you\" \/>\n<meta property=\"og:url\" content=\"https:\/\/www.hotel-golf.cz\/en\/wellness-thajske-masaze\/\" \/>\n<meta property=\"og:site_name\" content=\"Hotel Golf Prague\" \/>\n<meta property=\"article:publisher\" content=\"https:\/\/www.facebook.com\/hotelgolfprague\/\" \/>\n<meta property=\"article:modified_time\" content=\"2025-10-15T07:42:57+00:00\" \/>\n<meta property=\"og:image\" content=\"https:\/\/www.hotel-golf.cz\/wp-content\/uploads\/sites\/177\/2025\/04\/Hotel-Golf-Wellness-6.jpg\" \/>\n\t<meta property=\"og:image:width\" content=\"1800\" \/>\n\t<meta property=\"og:image:height\" content=\"1200\" \/>\n\t<meta property=\"og:image:type\" content=\"image\/jpeg\" \/>\n<meta name=\"twitter:card\" content=\"summary_large_image\" \/>\n<meta name=\"twitter:label1\" content=\"Est. reading time\" \/>\n\t<meta name=\"twitter:data1\" content=\"1 minute\" \/>\n<script type=\"application\/ld+json\" class=\"yoast-schema-graph\">{\"@context\":\"https:\/\/schema.org\",\"@graph\":[{\"@type\":\"WebPage\",\"@id\":\"https:\/\/www.hotel-golf.cz\/en\/wellness-thajske-masaze\/\",\"url\":\"https:\/\/www.hotel-golf.cz\/en\/wellness-thajske-masaze\/\",\"name\":\"Wellness \u2013 Thai Massages - Hotel Golf Prague\",\"isPartOf\":{\"@id\":\"https:\/\/www.hotel-golf.cz\/en\/#website\"},\"primaryImageOfPage\":{\"@id\":\"https:\/\/www.hotel-golf.cz\/en\/wellness-thajske-masaze\/#primaryimage\"},\"image\":{\"@id\":\"https:\/\/www.hotel-golf.cz\/en\/wellness-thajske-masaze\/#primaryimage\"},\"thumbnailUrl\":\"https:\/\/www.hotel-golf.cz\/wp-content\/uploads\/sites\/177\/2025\/04\/Hotel-Golf-Wellness-6.jpg\",\"datePublished\":\"2024-11-27T18:08:55+00:00\",\"dateModified\":\"2025-10-15T07:42:57+00:00\",\"description\":\"Allow yourself to be pampered, restore lost energy, and give your body and mind the well-deserved relaxation. Choose from a wide range of Thai relaxation massages for the back and entire body. Our team of experienced masseuses with many years of practice will take care of you\",\"breadcrumb\":{\"@id\":\"https:\/\/www.hotel-golf.cz\/en\/wellness-thajske-masaze\/#breadcrumb\"},\"inLanguage\":\"en-US\",\"potentialAction\":[{\"@type\":\"ReadAction\",\"target\":[\"https:\/\/www.hotel-golf.cz\/en\/wellness-thajske-masaze\/\"]}]},{\"@type\":\"ImageObject\",\"inLanguage\":\"en-US\",\"@id\":\"https:\/\/www.hotel-golf.cz\/en\/wellness-thajske-masaze\/#primaryimage\",\"url\":\"https:\/\/www.hotel-golf.cz\/wp-content\/uploads\/sites\/177\/2025\/04\/Hotel-Golf-Wellness-6.jpg\",\"contentUrl\":\"https:\/\/www.hotel-golf.cz\/wp-content\/uploads\/sites\/177\/2025\/04\/Hotel-Golf-Wellness-6.jpg\",\"width\":1800,\"height\":1200},{\"@type\":\"BreadcrumbList\",\"@id\":\"https:\/\/www.hotel-golf.cz\/en\/wellness-thajske-masaze\/#breadcrumb\",\"itemListElement\":[{\"@type\":\"ListItem\",\"position\":1,\"name\":\"Home\",\"item\":\"https:\/\/www.hotel-golf.cz\/en\/\"},{\"@type\":\"ListItem\",\"position\":2,\"name\":\"Wellness \u2013 Thai Massages\"}]},{\"@type\":\"WebSite\",\"@id\":\"https:\/\/www.hotel-golf.cz\/en\/#website\",\"url\":\"https:\/\/www.hotel-golf.cz\/en\/\",\"name\":\"Hotel Golf Prague\",\"description\":\"Romantika ve dvou, dovolen\u00e1 s d\u011btmi, ubytov\u00e1n\u00ed pro firmy, konference, wellness. C\u00edl cesty do Prahy si vyberte sami. O va\u0161e pohodl\u00ed se postar\u00e1me my.\",\"publisher\":{\"@id\":\"https:\/\/www.hotel-golf.cz\/en\/#organization\"},\"alternateName\":\"Hotel Golf Prague\",\"potentialAction\":[{\"@type\":\"SearchAction\",\"target\":{\"@type\":\"EntryPoint\",\"urlTemplate\":\"https:\/\/www.hotel-golf.cz\/en\/?s={search_term_string}\"},\"query-input\":\"required name=search_term_string\"}],\"inLanguage\":\"en-US\"},{\"@type\":\"Organization\",\"@id\":\"https:\/\/www.hotel-golf.cz\/en\/#organization\",\"name\":\"Hotel Golf Prague\",\"url\":\"https:\/\/www.hotel-golf.cz\/en\/\",\"logo\":{\"@type\":\"ImageObject\",\"inLanguage\":\"en-US\",\"@id\":\"https:\/\/www.hotel-golf.cz\/en\/#\/schema\/logo\/image\/\",\"url\":\"https:\/\/www.hotel-golf.cz\/wp-content\/uploads\/sites\/177\/2024\/10\/Logo_Hotel_Golf_Prague_black.svg\",\"contentUrl\":\"https:\/\/www.hotel-golf.cz\/wp-content\/uploads\/sites\/177\/2024\/10\/Logo_Hotel_Golf_Prague_black.svg\",\"width\":272,\"height\":79,\"caption\":\"Hotel Golf Prague\"},\"image\":{\"@id\":\"https:\/\/www.hotel-golf.cz\/en\/#\/schema\/logo\/image\/\"},\"sameAs\":[\"https:\/\/www.facebook.com\/hotelgolfprague\/\",\"https:\/\/www.instagram.com\/hotelgolfprague\/\",\"https:\/\/www.tripadvisor.com\/Hotel_Review-g274707-d277209-Reviews-Hotel_Golf-Prague_Bohemia.html\"]}]}<\/script>\n<!-- \/ Yoast SEO plugin. -->","yoast_head_json":{"title":"Wellness \u2013 Thai Massages - Hotel Golf Prague","description":"Allow yourself to be pampered, restore lost energy, and give your body and mind the well-deserved relaxation.  Choose from a wide range of Thai relaxation massages for the back and entire body. Our team of experienced masseuses with many years of practice will take care of you","robots":{"index":"index","follow":"follow","max-snippet":"max-snippet:-1","max-image-preview":"max-image-preview:large","max-video-preview":"max-video-preview:-1"},"canonical":"https:\/\/www.hotel-golf.cz\/en\/wellness-thajske-masaze\/","og_locale":"en_US","og_type":"article","og_title":"Wellness \u2013 Thai Massages - Hotel Golf Prague","og_description":"Allow yourself to be pampered, restore lost energy, and give your body and mind the well-deserved relaxation.  Choose from a wide range of Thai relaxation massages for the back and entire body. Our team of experienced masseuses with many years of practice will take care of you","og_url":"https:\/\/www.hotel-golf.cz\/en\/wellness-thajske-masaze\/","og_site_name":"Hotel Golf Prague","article_publisher":"https:\/\/www.facebook.com\/hotelgolfprague\/","article_modified_time":"2025-10-15T07:42:57+00:00","og_image":[{"width":1800,"height":1200,"url":"https:\/\/www.hotel-golf.cz\/wp-content\/uploads\/sites\/177\/2025\/04\/Hotel-Golf-Wellness-6.jpg","type":"image\/jpeg"}],"twitter_card":"summary_large_image","twitter_misc":{"Est. reading time":"1 minute"},"schema":{"@context":"https:\/\/schema.org","@graph":[{"@type":"WebPage","@id":"https:\/\/www.hotel-golf.cz\/en\/wellness-thajske-masaze\/","url":"https:\/\/www.hotel-golf.cz\/en\/wellness-thajske-masaze\/","name":"Wellness \u2013 Thai Massages - Hotel Golf Prague","isPartOf":{"@id":"https:\/\/www.hotel-golf.cz\/en\/#website"},"primaryImageOfPage":{"@id":"https:\/\/www.hotel-golf.cz\/en\/wellness-thajske-masaze\/#primaryimage"},"image":{"@id":"https:\/\/www.hotel-golf.cz\/en\/wellness-thajske-masaze\/#primaryimage"},"thumbnailUrl":"https:\/\/www.hotel-golf.cz\/wp-content\/uploads\/sites\/177\/2025\/04\/Hotel-Golf-Wellness-6.jpg","datePublished":"2024-11-27T18:08:55+00:00","dateModified":"2025-10-15T07:42:57+00:00","description":"Allow yourself to be pampered, restore lost energy, and give your body and mind the well-deserved relaxation. Choose from a wide range of Thai relaxation massages for the back and entire body. Our team of experienced masseuses with many years of practice will take care of you","breadcrumb":{"@id":"https:\/\/www.hotel-golf.cz\/en\/wellness-thajske-masaze\/#breadcrumb"},"inLanguage":"en-US","potentialAction":[{"@type":"ReadAction","target":["https:\/\/www.hotel-golf.cz\/en\/wellness-thajske-masaze\/"]}]},{"@type":"ImageObject","inLanguage":"en-US","@id":"https:\/\/www.hotel-golf.cz\/en\/wellness-thajske-masaze\/#primaryimage","url":"https:\/\/www.hotel-golf.cz\/wp-content\/uploads\/sites\/177\/2025\/04\/Hotel-Golf-Wellness-6.jpg","contentUrl":"https:\/\/www.hotel-golf.cz\/wp-content\/uploads\/sites\/177\/2025\/04\/Hotel-Golf-Wellness-6.jpg","width":1800,"height":1200},{"@type":"BreadcrumbList","@id":"https:\/\/www.hotel-golf.cz\/en\/wellness-thajske-masaze\/#breadcrumb","itemListElement":[{"@type":"ListItem","position":1,"name":"Home","item":"https:\/\/www.hotel-golf.cz\/en\/"},{"@type":"ListItem","position":2,"name":"Wellness \u2013 Thai Massages"}]},{"@type":"WebSite","@id":"https:\/\/www.hotel-golf.cz\/en\/#website","url":"https:\/\/www.hotel-golf.cz\/en\/","name":"Hotel Golf Prague","description":"Romantika ve dvou, dovolen\u00e1 s d\u011btmi, ubytov\u00e1n\u00ed pro firmy, konference, wellness. C\u00edl cesty do Prahy si vyberte sami. O va\u0161e pohodl\u00ed se postar\u00e1me my.","publisher":{"@id":"https:\/\/www.hotel-golf.cz\/en\/#organization"},"alternateName":"Hotel Golf Prague","potentialAction":[{"@type":"SearchAction","target":{"@type":"EntryPoint","urlTemplate":"https:\/\/www.hotel-golf.cz\/en\/?s={search_term_string}"},"query-input":"required name=search_term_string"}],"inLanguage":"en-US"},{"@type":"Organization","@id":"https:\/\/www.hotel-golf.cz\/en\/#organization","name":"Hotel Golf Prague","url":"https:\/\/www.hotel-golf.cz\/en\/","logo":{"@type":"ImageObject","inLanguage":"en-US","@id":"https:\/\/www.hotel-golf.cz\/en\/#\/schema\/logo\/image\/","url":"https:\/\/www.hotel-golf.cz\/wp-content\/uploads\/sites\/177\/2024\/10\/Logo_Hotel_Golf_Prague_black.svg","contentUrl":"https:\/\/www.hotel-golf.cz\/wp-content\/uploads\/sites\/177\/2024\/10\/Logo_Hotel_Golf_Prague_black.svg","width":272,"height":79,"caption":"Hotel Golf Prague"},"image":{"@id":"https:\/\/www.hotel-golf.cz\/en\/#\/schema\/logo\/image\/"},"sameAs":["https:\/\/www.facebook.com\/hotelgolfprague\/","https:\/\/www.instagram.com\/hotelgolfprague\/","https:\/\/www.tripadvisor.com\/Hotel_Review-g274707-d277209-Reviews-Hotel_Golf-Prague_Bohemia.html"]}]}},"acf":[],"_links":{"self":[{"href":"https:\/\/www.hotel-golf.cz\/en\/wp-json\/wp\/v2\/pages\/1202"}],"collection":[{"href":"https:\/\/www.hotel-golf.cz\/en\/wp-json\/wp\/v2\/pages"}],"about":[{"href":"https:\/\/www.hotel-golf.cz\/en\/wp-json\/wp\/v2\/types\/page"}],"author":[{"embeddable":true,"href":"https:\/\/www.hotel-golf.cz\/en\/wp-json\/wp\/v2\/users\/12"}],"replies":[{"embeddable":true,"href":"https:\/\/www.hotel-golf.cz\/en\/wp-json\/wp\/v2\/comments?post=1202"}],"version-history":[{"count":0,"href":"https:\/\/www.hotel-golf.cz\/en\/wp-json\/wp\/v2\/pages\/1202\/revisions"}],"wp:featuredmedia":[{"embeddable":true,"href":"https:\/\/www.hotel-golf.cz\/en\/wp-json\/wp\/v2\/media\/1728"}],"wp:attachment":[{"href":"https:\/\/www.hotel-golf.cz\/en\/wp-json\/wp\/v2\/media?parent=1202"}],"curies":[{"name":"wp","href":"https:\/\/api.w.org\/{rel}","templated":true}]}}