{"id":1174,"date":"2024-11-15T11:16:56","date_gmt":"2024-11-15T11:16:56","guid":{"rendered":"https:\/\/hotel-golf-prague.ms2.decms.eu\/?page_id=1174"},"modified":"2025-01-03T17:00:27","modified_gmt":"2025-01-03T17:00:27","slug":"restaurant-and-bar","status":"publish","type":"page","link":"https:\/\/www.hotel-golf.cz\/en\/restaurant-and-bar\/","title":{"rendered":"Restaurant and Bar"},"content":{"rendered":"","protected":false},"excerpt":{"rendered":"","protected":false},"author":12,"featured_media":1756,"parent":0,"menu_order":20,"comment_status":"closed","ping_status":"closed","template":"template-restaurants.php","meta":{"footnotes":""},"yoast_head":"<!-- This site is optimized with the Yoast SEO plugin v22.3 - https:\/\/yoast.com\/wordpress\/plugins\/seo\/ -->\n<title>Restaurant and Bar - Hotel Golf Prague<\/title>\n<meta name=\"description\" content=\".\" \/>\n<meta name=\"robots\" content=\"index, follow, max-snippet:-1, max-image-preview:large, max-video-preview:-1\" \/>\n<link rel=\"canonical\" href=\"https:\/\/www.hotel-golf.cz\/en\/restaurant-and-bar\/\" \/>\n<meta property=\"og:locale\" content=\"en_US\" \/>\n<meta property=\"og:type\" content=\"article\" \/>\n<meta property=\"og:title\" content=\"Restaurant and Bar - Hotel Golf Prague\" \/>\n<meta property=\"og:description\" content=\".\" \/>\n<meta property=\"og:url\" content=\"https:\/\/www.hotel-golf.cz\/en\/restaurant-and-bar\/\" \/>\n<meta property=\"og:site_name\" content=\"Hotel Golf Prague\" \/>\n<meta property=\"article:publisher\" content=\"https:\/\/www.facebook.com\/hotelgolfprague\/\" \/>\n<meta property=\"article:modified_time\" content=\"2025-01-03T17:00:27+00:00\" \/>\n<meta property=\"og:image\" content=\"https:\/\/www.hotel-golf.cz\/wp-content\/uploads\/sites\/177\/2024\/11\/Zimni-zahrada_obr-.jpg\" \/>\n\t<meta property=\"og:image:width\" content=\"1903\" \/>\n\t<meta property=\"og:image:height\" content=\"554\" \/>\n\t<meta property=\"og:image:type\" content=\"image\/jpeg\" \/>\n<meta name=\"twitter:card\" content=\"summary_large_image\" \/>\n<meta name=\"twitter:label1\" content=\"Est. reading time\" \/>\n\t<meta name=\"twitter:data1\" content=\"1 minute\" \/>\n<script type=\"application\/ld+json\" class=\"yoast-schema-graph\">{\"@context\":\"https:\/\/schema.org\",\"@graph\":[{\"@type\":\"WebPage\",\"@id\":\"https:\/\/www.hotel-golf.cz\/en\/restaurant-and-bar\/\",\"url\":\"https:\/\/www.hotel-golf.cz\/en\/restaurant-and-bar\/\",\"name\":\"Restaurant and Bar - Hotel Golf Prague\",\"isPartOf\":{\"@id\":\"https:\/\/www.hotel-golf.cz\/en\/#website\"},\"primaryImageOfPage\":{\"@id\":\"https:\/\/www.hotel-golf.cz\/en\/restaurant-and-bar\/#primaryimage\"},\"image\":{\"@id\":\"https:\/\/www.hotel-golf.cz\/en\/restaurant-and-bar\/#primaryimage\"},\"thumbnailUrl\":\"https:\/\/www.hotel-golf.cz\/wp-content\/uploads\/sites\/177\/2025\/04\/AdobeStock_r-5.jpeg\",\"datePublished\":\"2024-11-15T11:16:56+00:00\",\"dateModified\":\"2025-01-03T17:00:27+00:00\",\"description\":\".\",\"breadcrumb\":{\"@id\":\"https:\/\/www.hotel-golf.cz\/en\/restaurant-and-bar\/#breadcrumb\"},\"inLanguage\":\"en-US\",\"potentialAction\":[{\"@type\":\"ReadAction\",\"target\":[\"https:\/\/www.hotel-golf.cz\/en\/restaurant-and-bar\/\"]}]},{\"@type\":\"ImageObject\",\"inLanguage\":\"en-US\",\"@id\":\"https:\/\/www.hotel-golf.cz\/en\/restaurant-and-bar\/#primaryimage\",\"url\":\"https:\/\/www.hotel-golf.cz\/wp-content\/uploads\/sites\/177\/2025\/04\/AdobeStock_r-5.jpeg\",\"contentUrl\":\"https:\/\/www.hotel-golf.cz\/wp-content\/uploads\/sites\/177\/2025\/04\/AdobeStock_r-5.jpeg\",\"width\":1800,\"height\":1200,\"caption\":\"Cute caucasian couple sitting in restaurant and cheering with wine. In background are their friends.\"},{\"@type\":\"BreadcrumbList\",\"@id\":\"https:\/\/www.hotel-golf.cz\/en\/restaurant-and-bar\/#breadcrumb\",\"itemListElement\":[{\"@type\":\"ListItem\",\"position\":1,\"name\":\"Home\",\"item\":\"https:\/\/www.hotel-golf.cz\/en\/\"},{\"@type\":\"ListItem\",\"position\":2,\"name\":\"Restaurant and Bar\"}]},{\"@type\":\"WebSite\",\"@id\":\"https:\/\/www.hotel-golf.cz\/en\/#website\",\"url\":\"https:\/\/www.hotel-golf.cz\/en\/\",\"name\":\"Hotel Golf Prague\",\"description\":\"Romantika ve dvou, dovolen\u00e1 s d\u011btmi, ubytov\u00e1n\u00ed pro firmy, konference, wellness. C\u00edl cesty do Prahy si vyberte sami. O va\u0161e pohodl\u00ed se postar\u00e1me my.\",\"publisher\":{\"@id\":\"https:\/\/www.hotel-golf.cz\/en\/#organization\"},\"alternateName\":\"Hotel Golf Prague\",\"potentialAction\":[{\"@type\":\"SearchAction\",\"target\":{\"@type\":\"EntryPoint\",\"urlTemplate\":\"https:\/\/www.hotel-golf.cz\/en\/?s={search_term_string}\"},\"query-input\":\"required name=search_term_string\"}],\"inLanguage\":\"en-US\"},{\"@type\":\"Organization\",\"@id\":\"https:\/\/www.hotel-golf.cz\/en\/#organization\",\"name\":\"Hotel Golf Prague\",\"url\":\"https:\/\/www.hotel-golf.cz\/en\/\",\"logo\":{\"@type\":\"ImageObject\",\"inLanguage\":\"en-US\",\"@id\":\"https:\/\/www.hotel-golf.cz\/en\/#\/schema\/logo\/image\/\",\"url\":\"https:\/\/www.hotel-golf.cz\/wp-content\/uploads\/sites\/177\/2024\/10\/Logo_Hotel_Golf_Prague_black.svg\",\"contentUrl\":\"https:\/\/www.hotel-golf.cz\/wp-content\/uploads\/sites\/177\/2024\/10\/Logo_Hotel_Golf_Prague_black.svg\",\"width\":272,\"height\":79,\"caption\":\"Hotel Golf Prague\"},\"image\":{\"@id\":\"https:\/\/www.hotel-golf.cz\/en\/#\/schema\/logo\/image\/\"},\"sameAs\":[\"https:\/\/www.facebook.com\/hotelgolfprague\/\",\"https:\/\/www.instagram.com\/hotelgolfprague\/\",\"https:\/\/www.tripadvisor.com\/Hotel_Review-g274707-d277209-Reviews-Hotel_Golf-Prague_Bohemia.html\"]}]}<\/script>\n<!-- \/ Yoast SEO plugin. -->","yoast_head_json":{"title":"Restaurant and Bar - Hotel Golf Prague","description":".","robots":{"index":"index","follow":"follow","max-snippet":"max-snippet:-1","max-image-preview":"max-image-preview:large","max-video-preview":"max-video-preview:-1"},"canonical":"https:\/\/www.hotel-golf.cz\/en\/restaurant-and-bar\/","og_locale":"en_US","og_type":"article","og_title":"Restaurant and Bar - Hotel Golf Prague","og_description":".","og_url":"https:\/\/www.hotel-golf.cz\/en\/restaurant-and-bar\/","og_site_name":"Hotel Golf Prague","article_publisher":"https:\/\/www.facebook.com\/hotelgolfprague\/","article_modified_time":"2025-01-03T17:00:27+00:00","og_image":[{"width":1903,"height":554,"url":"https:\/\/www.hotel-golf.cz\/wp-content\/uploads\/sites\/177\/2024\/11\/Zimni-zahrada_obr-.jpg","type":"image\/jpeg"}],"twitter_card":"summary_large_image","twitter_misc":{"Est. reading time":"1 minute"},"schema":{"@context":"https:\/\/schema.org","@graph":[{"@type":"WebPage","@id":"https:\/\/www.hotel-golf.cz\/en\/restaurant-and-bar\/","url":"https:\/\/www.hotel-golf.cz\/en\/restaurant-and-bar\/","name":"Restaurant and Bar - Hotel Golf Prague","isPartOf":{"@id":"https:\/\/www.hotel-golf.cz\/en\/#website"},"primaryImageOfPage":{"@id":"https:\/\/www.hotel-golf.cz\/en\/restaurant-and-bar\/#primaryimage"},"image":{"@id":"https:\/\/www.hotel-golf.cz\/en\/restaurant-and-bar\/#primaryimage"},"thumbnailUrl":"https:\/\/www.hotel-golf.cz\/wp-content\/uploads\/sites\/177\/2025\/04\/AdobeStock_r-5.jpeg","datePublished":"2024-11-15T11:16:56+00:00","dateModified":"2025-01-03T17:00:27+00:00","description":".","breadcrumb":{"@id":"https:\/\/www.hotel-golf.cz\/en\/restaurant-and-bar\/#breadcrumb"},"inLanguage":"en-US","potentialAction":[{"@type":"ReadAction","target":["https:\/\/www.hotel-golf.cz\/en\/restaurant-and-bar\/"]}]},{"@type":"ImageObject","inLanguage":"en-US","@id":"https:\/\/www.hotel-golf.cz\/en\/restaurant-and-bar\/#primaryimage","url":"https:\/\/www.hotel-golf.cz\/wp-content\/uploads\/sites\/177\/2025\/04\/AdobeStock_r-5.jpeg","contentUrl":"https:\/\/www.hotel-golf.cz\/wp-content\/uploads\/sites\/177\/2025\/04\/AdobeStock_r-5.jpeg","width":1800,"height":1200,"caption":"Cute caucasian couple sitting in restaurant and cheering with wine. In background are their friends."},{"@type":"BreadcrumbList","@id":"https:\/\/www.hotel-golf.cz\/en\/restaurant-and-bar\/#breadcrumb","itemListElement":[{"@type":"ListItem","position":1,"name":"Home","item":"https:\/\/www.hotel-golf.cz\/en\/"},{"@type":"ListItem","position":2,"name":"Restaurant and Bar"}]},{"@type":"WebSite","@id":"https:\/\/www.hotel-golf.cz\/en\/#website","url":"https:\/\/www.hotel-golf.cz\/en\/","name":"Hotel Golf Prague","description":"Romantika ve dvou, dovolen\u00e1 s d\u011btmi, ubytov\u00e1n\u00ed pro firmy, konference, wellness. C\u00edl cesty do Prahy si vyberte sami. O va\u0161e pohodl\u00ed se postar\u00e1me my.","publisher":{"@id":"https:\/\/www.hotel-golf.cz\/en\/#organization"},"alternateName":"Hotel Golf Prague","potentialAction":[{"@type":"SearchAction","target":{"@type":"EntryPoint","urlTemplate":"https:\/\/www.hotel-golf.cz\/en\/?s={search_term_string}"},"query-input":"required name=search_term_string"}],"inLanguage":"en-US"},{"@type":"Organization","@id":"https:\/\/www.hotel-golf.cz\/en\/#organization","name":"Hotel Golf Prague","url":"https:\/\/www.hotel-golf.cz\/en\/","logo":{"@type":"ImageObject","inLanguage":"en-US","@id":"https:\/\/www.hotel-golf.cz\/en\/#\/schema\/logo\/image\/","url":"https:\/\/www.hotel-golf.cz\/wp-content\/uploads\/sites\/177\/2024\/10\/Logo_Hotel_Golf_Prague_black.svg","contentUrl":"https:\/\/www.hotel-golf.cz\/wp-content\/uploads\/sites\/177\/2024\/10\/Logo_Hotel_Golf_Prague_black.svg","width":272,"height":79,"caption":"Hotel Golf Prague"},"image":{"@id":"https:\/\/www.hotel-golf.cz\/en\/#\/schema\/logo\/image\/"},"sameAs":["https:\/\/www.facebook.com\/hotelgolfprague\/","https:\/\/www.instagram.com\/hotelgolfprague\/","https:\/\/www.tripadvisor.com\/Hotel_Review-g274707-d277209-Reviews-Hotel_Golf-Prague_Bohemia.html"]}]}},"acf":[],"_links":{"self":[{"href":"https:\/\/www.hotel-golf.cz\/en\/wp-json\/wp\/v2\/pages\/1174"}],"collection":[{"href":"https:\/\/www.hotel-golf.cz\/en\/wp-json\/wp\/v2\/pages"}],"about":[{"href":"https:\/\/www.hotel-golf.cz\/en\/wp-json\/wp\/v2\/types\/page"}],"author":[{"embeddable":true,"href":"https:\/\/www.hotel-golf.cz\/en\/wp-json\/wp\/v2\/users\/12"}],"replies":[{"embeddable":true,"href":"https:\/\/www.hotel-golf.cz\/en\/wp-json\/wp\/v2\/comments?post=1174"}],"version-history":[{"count":0,"href":"https:\/\/www.hotel-golf.cz\/en\/wp-json\/wp\/v2\/pages\/1174\/revisions"}],"wp:featuredmedia":[{"embeddable":true,"href":"https:\/\/www.hotel-golf.cz\/en\/wp-json\/wp\/v2\/media\/1756"}],"wp:attachment":[{"href":"https:\/\/www.hotel-golf.cz\/en\/wp-json\/wp\/v2\/media?parent=1174"}],"curies":[{"name":"wp","href":"https:\/\/api.w.org\/{rel}","templated":true}]}}