{"id":1133,"date":"2024-11-27T16:19:01","date_gmt":"2024-11-27T16:19:01","guid":{"rendered":"https:\/\/hotel-golf-prague.ms2.decms.eu\/?page_id=1133"},"modified":"2025-03-06T09:48:21","modified_gmt":"2025-03-06T09:48:21","slug":"for-couples","status":"publish","type":"page","link":"https:\/\/www.hotel-golf.cz\/en\/for-couples\/","title":{"rendered":"For couples"},"content":{"rendered":"<p>Do you want to enjoy a romantic holiday in Prague? Or are you looking for a place where you can surprise your loved one and prepare a nice evening for two? Hotel Golf offers accommodation for couples with superior services that will make your stay an unforgettable experience<\/p>\n","protected":false},"excerpt":{"rendered":"<p>Do you want to enjoy a romantic holiday in Prague? Or are you looking for a place where you can surprise your loved one and prepare a nice evening for two? Hotel Golf offers accommodation for couples with superior services that will make your stay an unforgettable experience<\/p>\n","protected":false},"author":12,"featured_media":452,"parent":0,"menu_order":34,"comment_status":"closed","ping_status":"closed","template":"template-services-v2.php","meta":{"footnotes":""},"class_list":["post-1133","page","type-page","status-publish","has-post-thumbnail","hentry"],"yoast_head":"<!-- This site is optimized with the Yoast SEO plugin v27.3 - https:\/\/yoast.com\/product\/yoast-seo-wordpress\/ -->\n<title>For couples - Hotel Golf Prague<\/title>\n<meta name=\"description\" content=\"Do you want to enjoy a romantic holiday in Prague? Or are you looking for a place where you can surprise your loved one and prepare a nice evening for two? Hotel Golf offers accommodation for couples with superior services that will make your stay an unforgettable experience.\" \/>\n<meta name=\"robots\" content=\"index, follow, max-snippet:-1, max-image-preview:large, max-video-preview:-1\" \/>\n<link rel=\"canonical\" href=\"https:\/\/www.hotel-golf.cz\/en\/for-couples\/\" \/>\n<meta property=\"og:locale\" content=\"en_US\" \/>\n<meta property=\"og:type\" content=\"article\" \/>\n<meta property=\"og:title\" content=\"For couples - Hotel Golf Prague\" \/>\n<meta property=\"og:description\" content=\"Do you want to enjoy a romantic holiday in Prague? Or are you looking for a place where you can surprise your loved one and prepare a nice evening for two? Hotel Golf offers accommodation for couples with superior services that will make your stay an unforgettable experience.\" \/>\n<meta property=\"og:url\" content=\"https:\/\/www.hotel-golf.cz\/en\/for-couples\/\" \/>\n<meta property=\"og:site_name\" content=\"Hotel Golf Prague\" \/>\n<meta property=\"article:publisher\" content=\"https:\/\/www.facebook.com\/hotelgolfprague\/\" \/>\n<meta property=\"article:modified_time\" content=\"2025-03-06T09:48:21+00:00\" \/>\n<meta property=\"og:image\" content=\"https:\/\/www.hotel-golf.cz\/wp-content\/uploads\/sites\/177\/2024\/11\/charming-young-couple-cozy-white-home-clothes-poses-room-with-christmas-tree.jpg\" \/>\n\t<meta property=\"og:image:width\" content=\"1200\" \/>\n\t<meta property=\"og:image:height\" content=\"800\" \/>\n\t<meta property=\"og:image:type\" content=\"image\/jpeg\" \/>\n<meta name=\"twitter:card\" content=\"summary_large_image\" \/>\n<meta name=\"twitter:label1\" content=\"Est. reading time\" \/>\n\t<meta name=\"twitter:data1\" content=\"1 minute\" \/>\n<script type=\"application\/ld+json\" class=\"yoast-schema-graph\">{\"@context\":\"https:\\\/\\\/schema.org\",\"@graph\":[{\"@type\":\"WebPage\",\"@id\":\"https:\\\/\\\/www.hotel-golf.cz\\\/en\\\/for-couples\\\/\",\"url\":\"https:\\\/\\\/www.hotel-golf.cz\\\/en\\\/for-couples\\\/\",\"name\":\"For couples - Hotel Golf Prague\",\"isPartOf\":{\"@id\":\"https:\\\/\\\/www.hotel-golf.cz\\\/en\\\/#website\"},\"primaryImageOfPage\":{\"@id\":\"https:\\\/\\\/www.hotel-golf.cz\\\/en\\\/for-couples\\\/#primaryimage\"},\"image\":{\"@id\":\"https:\\\/\\\/www.hotel-golf.cz\\\/en\\\/for-couples\\\/#primaryimage\"},\"thumbnailUrl\":\"https:\\\/\\\/www.hotel-golf.cz\\\/wp-content\\\/uploads\\\/sites\\\/177\\\/2024\\\/11\\\/charming-young-couple-cozy-white-home-clothes-poses-room-with-christmas-tree.jpg\",\"datePublished\":\"2024-11-27T16:19:01+00:00\",\"dateModified\":\"2025-03-06T09:48:21+00:00\",\"description\":\"Do you want to enjoy a romantic holiday in Prague? Or are you looking for a place where you can surprise your loved one and prepare a nice evening for two? Hotel Golf offers accommodation for couples with superior services that will make your stay an unforgettable experience.\",\"breadcrumb\":{\"@id\":\"https:\\\/\\\/www.hotel-golf.cz\\\/en\\\/for-couples\\\/#breadcrumb\"},\"inLanguage\":\"en-US\",\"potentialAction\":[{\"@type\":\"ReadAction\",\"target\":[\"https:\\\/\\\/www.hotel-golf.cz\\\/en\\\/for-couples\\\/\"]}]},{\"@type\":\"ImageObject\",\"inLanguage\":\"en-US\",\"@id\":\"https:\\\/\\\/www.hotel-golf.cz\\\/en\\\/for-couples\\\/#primaryimage\",\"url\":\"https:\\\/\\\/www.hotel-golf.cz\\\/wp-content\\\/uploads\\\/sites\\\/177\\\/2024\\\/11\\\/charming-young-couple-cozy-white-home-clothes-poses-room-with-christmas-tree.jpg\",\"contentUrl\":\"https:\\\/\\\/www.hotel-golf.cz\\\/wp-content\\\/uploads\\\/sites\\\/177\\\/2024\\\/11\\\/charming-young-couple-cozy-white-home-clothes-poses-room-with-christmas-tree.jpg\",\"width\":1200,\"height\":800},{\"@type\":\"BreadcrumbList\",\"@id\":\"https:\\\/\\\/www.hotel-golf.cz\\\/en\\\/for-couples\\\/#breadcrumb\",\"itemListElement\":[{\"@type\":\"ListItem\",\"position\":1,\"name\":\"Home\",\"item\":\"https:\\\/\\\/www.hotel-golf.cz\\\/en\\\/\"},{\"@type\":\"ListItem\",\"position\":2,\"name\":\"For couples\"}]},{\"@type\":\"WebSite\",\"@id\":\"https:\\\/\\\/www.hotel-golf.cz\\\/en\\\/#website\",\"url\":\"https:\\\/\\\/www.hotel-golf.cz\\\/en\\\/\",\"name\":\"Hotel Golf Prague\",\"description\":\"Romantika ve dvou, dovolen\u00e1 s d\u011btmi, ubytov\u00e1n\u00ed pro firmy, konference, wellness. C\u00edl cesty do Prahy si vyberte sami. O va\u0161e pohodl\u00ed se postar\u00e1me my.\",\"publisher\":{\"@id\":\"https:\\\/\\\/www.hotel-golf.cz\\\/en\\\/#organization\"},\"alternateName\":\"Hotel Golf Prague\",\"potentialAction\":[{\"@type\":\"SearchAction\",\"target\":{\"@type\":\"EntryPoint\",\"urlTemplate\":\"https:\\\/\\\/www.hotel-golf.cz\\\/en\\\/?s={search_term_string}\"},\"query-input\":{\"@type\":\"PropertyValueSpecification\",\"valueRequired\":true,\"valueName\":\"search_term_string\"}}],\"inLanguage\":\"en-US\"},{\"@type\":\"Organization\",\"@id\":\"https:\\\/\\\/www.hotel-golf.cz\\\/en\\\/#organization\",\"name\":\"Hotel Golf Prague\",\"url\":\"https:\\\/\\\/www.hotel-golf.cz\\\/en\\\/\",\"logo\":{\"@type\":\"ImageObject\",\"inLanguage\":\"en-US\",\"@id\":\"https:\\\/\\\/www.hotel-golf.cz\\\/en\\\/#\\\/schema\\\/logo\\\/image\\\/\",\"url\":\"https:\\\/\\\/www.hotel-golf.cz\\\/wp-content\\\/uploads\\\/sites\\\/177\\\/2024\\\/10\\\/Logo_Hotel_Golf_Prague_black.svg\",\"contentUrl\":\"https:\\\/\\\/www.hotel-golf.cz\\\/wp-content\\\/uploads\\\/sites\\\/177\\\/2024\\\/10\\\/Logo_Hotel_Golf_Prague_black.svg\",\"width\":272,\"height\":79,\"caption\":\"Hotel Golf Prague\"},\"image\":{\"@id\":\"https:\\\/\\\/www.hotel-golf.cz\\\/en\\\/#\\\/schema\\\/logo\\\/image\\\/\"},\"sameAs\":[\"https:\\\/\\\/www.facebook.com\\\/hotelgolfprague\\\/\",\"https:\\\/\\\/www.instagram.com\\\/hotelgolfprague\\\/\",\"https:\\\/\\\/www.tripadvisor.com\\\/Hotel_Review-g274707-d277209-Reviews-Hotel_Golf-Prague_Bohemia.html\"]}]}<\/script>\n<!-- \/ Yoast SEO plugin. -->","yoast_head_json":{"title":"For couples - Hotel Golf Prague","description":"Do you want to enjoy a romantic holiday in Prague? Or are you looking for a place where you can surprise your loved one and prepare a nice evening for two? Hotel Golf offers accommodation for couples with superior services that will make your stay an unforgettable experience.","robots":{"index":"index","follow":"follow","max-snippet":"max-snippet:-1","max-image-preview":"max-image-preview:large","max-video-preview":"max-video-preview:-1"},"canonical":"https:\/\/www.hotel-golf.cz\/en\/for-couples\/","og_locale":"en_US","og_type":"article","og_title":"For couples - Hotel Golf Prague","og_description":"Do you want to enjoy a romantic holiday in Prague? Or are you looking for a place where you can surprise your loved one and prepare a nice evening for two? Hotel Golf offers accommodation for couples with superior services that will make your stay an unforgettable experience.","og_url":"https:\/\/www.hotel-golf.cz\/en\/for-couples\/","og_site_name":"Hotel Golf Prague","article_publisher":"https:\/\/www.facebook.com\/hotelgolfprague\/","article_modified_time":"2025-03-06T09:48:21+00:00","og_image":[{"width":1200,"height":800,"url":"https:\/\/www.hotel-golf.cz\/wp-content\/uploads\/sites\/177\/2024\/11\/charming-young-couple-cozy-white-home-clothes-poses-room-with-christmas-tree.jpg","type":"image\/jpeg"}],"twitter_card":"summary_large_image","twitter_misc":{"Est. reading time":"1 minute"},"schema":{"@context":"https:\/\/schema.org","@graph":[{"@type":"WebPage","@id":"https:\/\/www.hotel-golf.cz\/en\/for-couples\/","url":"https:\/\/www.hotel-golf.cz\/en\/for-couples\/","name":"For couples - Hotel Golf Prague","isPartOf":{"@id":"https:\/\/www.hotel-golf.cz\/en\/#website"},"primaryImageOfPage":{"@id":"https:\/\/www.hotel-golf.cz\/en\/for-couples\/#primaryimage"},"image":{"@id":"https:\/\/www.hotel-golf.cz\/en\/for-couples\/#primaryimage"},"thumbnailUrl":"https:\/\/www.hotel-golf.cz\/wp-content\/uploads\/sites\/177\/2024\/11\/charming-young-couple-cozy-white-home-clothes-poses-room-with-christmas-tree.jpg","datePublished":"2024-11-27T16:19:01+00:00","dateModified":"2025-03-06T09:48:21+00:00","description":"Do you want to enjoy a romantic holiday in Prague? Or are you looking for a place where you can surprise your loved one and prepare a nice evening for two? Hotel Golf offers accommodation for couples with superior services that will make your stay an unforgettable experience.","breadcrumb":{"@id":"https:\/\/www.hotel-golf.cz\/en\/for-couples\/#breadcrumb"},"inLanguage":"en-US","potentialAction":[{"@type":"ReadAction","target":["https:\/\/www.hotel-golf.cz\/en\/for-couples\/"]}]},{"@type":"ImageObject","inLanguage":"en-US","@id":"https:\/\/www.hotel-golf.cz\/en\/for-couples\/#primaryimage","url":"https:\/\/www.hotel-golf.cz\/wp-content\/uploads\/sites\/177\/2024\/11\/charming-young-couple-cozy-white-home-clothes-poses-room-with-christmas-tree.jpg","contentUrl":"https:\/\/www.hotel-golf.cz\/wp-content\/uploads\/sites\/177\/2024\/11\/charming-young-couple-cozy-white-home-clothes-poses-room-with-christmas-tree.jpg","width":1200,"height":800},{"@type":"BreadcrumbList","@id":"https:\/\/www.hotel-golf.cz\/en\/for-couples\/#breadcrumb","itemListElement":[{"@type":"ListItem","position":1,"name":"Home","item":"https:\/\/www.hotel-golf.cz\/en\/"},{"@type":"ListItem","position":2,"name":"For couples"}]},{"@type":"WebSite","@id":"https:\/\/www.hotel-golf.cz\/en\/#website","url":"https:\/\/www.hotel-golf.cz\/en\/","name":"Hotel Golf Prague","description":"Romantika ve dvou, dovolen\u00e1 s d\u011btmi, ubytov\u00e1n\u00ed pro firmy, konference, wellness. C\u00edl cesty do Prahy si vyberte sami. O va\u0161e pohodl\u00ed se postar\u00e1me my.","publisher":{"@id":"https:\/\/www.hotel-golf.cz\/en\/#organization"},"alternateName":"Hotel Golf Prague","potentialAction":[{"@type":"SearchAction","target":{"@type":"EntryPoint","urlTemplate":"https:\/\/www.hotel-golf.cz\/en\/?s={search_term_string}"},"query-input":{"@type":"PropertyValueSpecification","valueRequired":true,"valueName":"search_term_string"}}],"inLanguage":"en-US"},{"@type":"Organization","@id":"https:\/\/www.hotel-golf.cz\/en\/#organization","name":"Hotel Golf Prague","url":"https:\/\/www.hotel-golf.cz\/en\/","logo":{"@type":"ImageObject","inLanguage":"en-US","@id":"https:\/\/www.hotel-golf.cz\/en\/#\/schema\/logo\/image\/","url":"https:\/\/www.hotel-golf.cz\/wp-content\/uploads\/sites\/177\/2024\/10\/Logo_Hotel_Golf_Prague_black.svg","contentUrl":"https:\/\/www.hotel-golf.cz\/wp-content\/uploads\/sites\/177\/2024\/10\/Logo_Hotel_Golf_Prague_black.svg","width":272,"height":79,"caption":"Hotel Golf Prague"},"image":{"@id":"https:\/\/www.hotel-golf.cz\/en\/#\/schema\/logo\/image\/"},"sameAs":["https:\/\/www.facebook.com\/hotelgolfprague\/","https:\/\/www.instagram.com\/hotelgolfprague\/","https:\/\/www.tripadvisor.com\/Hotel_Review-g274707-d277209-Reviews-Hotel_Golf-Prague_Bohemia.html"]}]}},"acf":[],"_links":{"self":[{"href":"https:\/\/www.hotel-golf.cz\/en\/wp-json\/wp\/v2\/pages\/1133","targetHints":{"allow":["GET"]}}],"collection":[{"href":"https:\/\/www.hotel-golf.cz\/en\/wp-json\/wp\/v2\/pages"}],"about":[{"href":"https:\/\/www.hotel-golf.cz\/en\/wp-json\/wp\/v2\/types\/page"}],"author":[{"embeddable":true,"href":"https:\/\/www.hotel-golf.cz\/en\/wp-json\/wp\/v2\/users\/12"}],"replies":[{"embeddable":true,"href":"https:\/\/www.hotel-golf.cz\/en\/wp-json\/wp\/v2\/comments?post=1133"}],"version-history":[{"count":0,"href":"https:\/\/www.hotel-golf.cz\/en\/wp-json\/wp\/v2\/pages\/1133\/revisions"}],"wp:featuredmedia":[{"embeddable":true,"href":"https:\/\/www.hotel-golf.cz\/en\/wp-json\/wp\/v2\/media\/452"}],"wp:attachment":[{"href":"https:\/\/www.hotel-golf.cz\/en\/wp-json\/wp\/v2\/media?parent=1133"}],"curies":[{"name":"wp","href":"https:\/\/api.w.org\/{rel}","templated":true}]}}