{"id":1215,"date":"2024-10-23T16:23:40","date_gmt":"2024-10-23T16:23:40","guid":{"rendered":"https:\/\/hotel-golf-prague.ms2.decms.eu\/?page_id=1215"},"modified":"2025-03-13T16:19:51","modified_gmt":"2025-03-13T16:19:51","slug":"deluxe","status":"publish","type":"page","link":"https:\/\/www.hotel-golf.cz\/de\/zimmer\/deluxe\/","title":{"rendered":"Deluxe"},"content":{"rendered":"<p>Die DELUXE Zimmer sind darauf ausgelegt, Ihnen maximalen Komfort und Entspannung zu bieten. Lassen Sie sich von ihrer Ger\u00e4umigkeit, perfekten Ausstattung und modernem Design verzaubern.<\/p>\n<p><b>Wir laden Sie ein, folgendes zu genie\u00dfen:<\/b><\/p>\n<ul>\n<li style=\"font-weight: 400\"><b>Ger\u00e4umige Zimmer:<\/b> Gr\u00f6\u00dfe 26 \u2013 32 m\u00b2<\/li>\n<li><strong>Familienzimmer:<\/strong> Verbundene Zimmer, ideal f\u00fcr Familien<\/li>\n<li><strong>Zimmer mit Vorgarten:<\/strong> Privater Au\u00dfenbereich mit Sitzgelegenheit.<\/li>\n<\/ul>\n<p>&nbsp;<\/p>\n","protected":false},"excerpt":{"rendered":"<p>Die DELUXE Zimmer sind darauf ausgelegt, Ihnen maximalen Komfort und Entspannung zu bieten. Lassen Sie sich von ihrer Ger\u00e4umigkeit, perfekten Ausstattung und modernem Design verzaubern. Wir laden Sie ein, folgendes zu genie\u00dfen: Ger\u00e4umige Zimmer: Gr\u00f6\u00dfe 26 \u2013 32 m\u00b2 Familienzimmer: Verbundene Zimmer, ideal f\u00fcr Familien Zimmer mit Vorgarten: Privater Au\u00dfenbereich mit Sitzgelegenheit. &nbsp;<\/p>\n","protected":false},"author":12,"featured_media":1344,"parent":1172,"menu_order":9,"comment_status":"closed","ping_status":"closed","template":"template-single-room.php","meta":{"footnotes":""},"class_list":["post-1215","page","type-page","status-publish","has-post-thumbnail","hentry"],"yoast_head":"<!-- This site is optimized with the Yoast SEO plugin v27.3 - https:\/\/yoast.com\/product\/yoast-seo-wordpress\/ -->\n<title>Deluxe - Hotel Golf Prague<\/title>\n<meta name=\"description\" content=\"Die DELUXE Zimmer sind darauf ausgelegt, Ihnen maximalen Komfort und Entspannung zu bieten. Lassen Sie sich von ihrer Ger\u00e4umigkeit, perfekten Ausstattung und modernem Design verzaubern.  Wir laden Sie ein, folgendes zu genie\u00dfen:   Ger\u00e4umige Zimmer: Gr\u00f6\u00dfe 26 \u2013 32 m\u00b2  Familienzimmer: Verbundene Zimmer, ideal f\u00fcr Familien  Zimmer mit Vorgarten: Privater Au\u00dfenbereich mit Sitzgelegenheit.  &nbsp;\" \/>\n<meta name=\"robots\" content=\"index, follow, max-snippet:-1, max-image-preview:large, max-video-preview:-1\" \/>\n<link rel=\"canonical\" href=\"https:\/\/www.hotel-golf.cz\/de\/zimmer\/deluxe\/\" \/>\n<meta property=\"og:locale\" content=\"de_DE\" \/>\n<meta property=\"og:type\" content=\"article\" \/>\n<meta property=\"og:title\" content=\"Deluxe - Hotel Golf Prague\" \/>\n<meta property=\"og:description\" content=\"Die DELUXE Zimmer sind darauf ausgelegt, Ihnen maximalen Komfort und Entspannung zu bieten. Lassen Sie sich von ihrer Ger\u00e4umigkeit, perfekten Ausstattung und modernem Design verzaubern.  Wir laden Sie ein, folgendes zu genie\u00dfen:   Ger\u00e4umige Zimmer: Gr\u00f6\u00dfe 26 \u2013 32 m\u00b2  Familienzimmer: Verbundene Zimmer, ideal f\u00fcr Familien  Zimmer mit Vorgarten: Privater Au\u00dfenbereich mit Sitzgelegenheit.  &nbsp;\" \/>\n<meta property=\"og:url\" content=\"https:\/\/www.hotel-golf.cz\/de\/zimmer\/deluxe\/\" \/>\n<meta property=\"og:site_name\" content=\"Hotel Golf Prague\" \/>\n<meta property=\"article:publisher\" content=\"https:\/\/www.facebook.com\/hotelgolfprague\/\" \/>\n<meta property=\"article:modified_time\" content=\"2025-03-13T16:19:51+00:00\" \/>\n<meta property=\"og:image\" content=\"https:\/\/www.hotel-golf.cz\/wp-content\/uploads\/sites\/177\/2025\/03\/de-luxe-dbl.jpg\" \/>\n\t<meta property=\"og:image:width\" content=\"1800\" \/>\n\t<meta property=\"og:image:height\" content=\"1200\" \/>\n\t<meta property=\"og:image:type\" content=\"image\/jpeg\" \/>\n<meta name=\"twitter:card\" content=\"summary_large_image\" \/>\n<meta name=\"twitter:label1\" content=\"Gesch\u00e4tzte Lesezeit\" \/>\n\t<meta name=\"twitter:data1\" content=\"1 Minute\" \/>\n<script type=\"application\/ld+json\" class=\"yoast-schema-graph\">{\"@context\":\"https:\\\/\\\/schema.org\",\"@graph\":[{\"@type\":\"WebPage\",\"@id\":\"https:\\\/\\\/www.hotel-golf.cz\\\/de\\\/zimmer\\\/deluxe\\\/\",\"url\":\"https:\\\/\\\/www.hotel-golf.cz\\\/de\\\/zimmer\\\/deluxe\\\/\",\"name\":\"Deluxe - Hotel Golf Prague\",\"isPartOf\":{\"@id\":\"https:\\\/\\\/www.hotel-golf.cz\\\/de\\\/#website\"},\"primaryImageOfPage\":{\"@id\":\"https:\\\/\\\/www.hotel-golf.cz\\\/de\\\/zimmer\\\/deluxe\\\/#primaryimage\"},\"image\":{\"@id\":\"https:\\\/\\\/www.hotel-golf.cz\\\/de\\\/zimmer\\\/deluxe\\\/#primaryimage\"},\"thumbnailUrl\":\"https:\\\/\\\/www.hotel-golf.cz\\\/wp-content\\\/uploads\\\/sites\\\/177\\\/2025\\\/03\\\/de-luxe-dbl.jpg\",\"datePublished\":\"2024-10-23T16:23:40+00:00\",\"dateModified\":\"2025-03-13T16:19:51+00:00\",\"description\":\"Die DELUXE Zimmer sind darauf ausgelegt, Ihnen maximalen Komfort und Entspannung zu bieten. Lassen Sie sich von ihrer Ger\u00e4umigkeit, perfekten Ausstattung und modernem Design verzaubern. Wir laden Sie ein, folgendes zu genie\u00dfen: \u2022 Ger\u00e4umige Zimmer: Gr\u00f6\u00dfe 26 \u2013 32 m\u00b2 \u2022 Familienzimmer: Verbundene Zimmer, ideal f\u00fcr Familien \u2022 Zimmer mit Vorgarten: Privater Au\u00dfenbereich mit Sitzgelegenheit. &nbsp;\",\"breadcrumb\":{\"@id\":\"https:\\\/\\\/www.hotel-golf.cz\\\/de\\\/zimmer\\\/deluxe\\\/#breadcrumb\"},\"inLanguage\":\"de-DE\",\"potentialAction\":[{\"@type\":\"ReadAction\",\"target\":[\"https:\\\/\\\/www.hotel-golf.cz\\\/de\\\/zimmer\\\/deluxe\\\/\"]}]},{\"@type\":\"ImageObject\",\"inLanguage\":\"de-DE\",\"@id\":\"https:\\\/\\\/www.hotel-golf.cz\\\/de\\\/zimmer\\\/deluxe\\\/#primaryimage\",\"url\":\"https:\\\/\\\/www.hotel-golf.cz\\\/wp-content\\\/uploads\\\/sites\\\/177\\\/2025\\\/03\\\/de-luxe-dbl.jpg\",\"contentUrl\":\"https:\\\/\\\/www.hotel-golf.cz\\\/wp-content\\\/uploads\\\/sites\\\/177\\\/2025\\\/03\\\/de-luxe-dbl.jpg\",\"width\":1800,\"height\":1200},{\"@type\":\"BreadcrumbList\",\"@id\":\"https:\\\/\\\/www.hotel-golf.cz\\\/de\\\/zimmer\\\/deluxe\\\/#breadcrumb\",\"itemListElement\":[{\"@type\":\"ListItem\",\"position\":1,\"name\":\"Home\",\"item\":\"https:\\\/\\\/www.hotel-golf.cz\\\/de\\\/\"},{\"@type\":\"ListItem\",\"position\":2,\"name\":\"Zimmer\",\"item\":\"https:\\\/\\\/www.hotel-golf.cz\\\/de\\\/zimmer\\\/\"},{\"@type\":\"ListItem\",\"position\":3,\"name\":\"Deluxe\"}]},{\"@type\":\"WebSite\",\"@id\":\"https:\\\/\\\/www.hotel-golf.cz\\\/de\\\/#website\",\"url\":\"https:\\\/\\\/www.hotel-golf.cz\\\/de\\\/\",\"name\":\"Hotel Golf Prague\",\"description\":\"Romantika ve dvou, dovolen\u00e1 s d\u011btmi, ubytov\u00e1n\u00ed pro firmy, konference, wellness. C\u00edl cesty do Prahy si vyberte sami. O va\u0161e pohodl\u00ed se postar\u00e1me my.\",\"publisher\":{\"@id\":\"https:\\\/\\\/www.hotel-golf.cz\\\/de\\\/#organization\"},\"alternateName\":\"Hotel Golf Prague\",\"potentialAction\":[{\"@type\":\"SearchAction\",\"target\":{\"@type\":\"EntryPoint\",\"urlTemplate\":\"https:\\\/\\\/www.hotel-golf.cz\\\/de\\\/?s={search_term_string}\"},\"query-input\":{\"@type\":\"PropertyValueSpecification\",\"valueRequired\":true,\"valueName\":\"search_term_string\"}}],\"inLanguage\":\"de-DE\"},{\"@type\":\"Organization\",\"@id\":\"https:\\\/\\\/www.hotel-golf.cz\\\/de\\\/#organization\",\"name\":\"Hotel Golf Prague\",\"url\":\"https:\\\/\\\/www.hotel-golf.cz\\\/de\\\/\",\"logo\":{\"@type\":\"ImageObject\",\"inLanguage\":\"de-DE\",\"@id\":\"https:\\\/\\\/www.hotel-golf.cz\\\/de\\\/#\\\/schema\\\/logo\\\/image\\\/\",\"url\":\"https:\\\/\\\/www.hotel-golf.cz\\\/wp-content\\\/uploads\\\/sites\\\/177\\\/2024\\\/10\\\/Logo_Hotel_Golf_Prague_black.svg\",\"contentUrl\":\"https:\\\/\\\/www.hotel-golf.cz\\\/wp-content\\\/uploads\\\/sites\\\/177\\\/2024\\\/10\\\/Logo_Hotel_Golf_Prague_black.svg\",\"width\":272,\"height\":79,\"caption\":\"Hotel Golf Prague\"},\"image\":{\"@id\":\"https:\\\/\\\/www.hotel-golf.cz\\\/de\\\/#\\\/schema\\\/logo\\\/image\\\/\"},\"sameAs\":[\"https:\\\/\\\/www.facebook.com\\\/hotelgolfprague\\\/\",\"https:\\\/\\\/www.instagram.com\\\/hotelgolfprague\\\/\",\"https:\\\/\\\/www.tripadvisor.com\\\/Hotel_Review-g274707-d277209-Reviews-Hotel_Golf-Prague_Bohemia.html\"]}]}<\/script>\n<!-- \/ Yoast SEO plugin. -->","yoast_head_json":{"title":"Deluxe - Hotel Golf Prague","description":"Die DELUXE Zimmer sind darauf ausgelegt, Ihnen maximalen Komfort und Entspannung zu bieten. Lassen Sie sich von ihrer Ger\u00e4umigkeit, perfekten Ausstattung und modernem Design verzaubern.  Wir laden Sie ein, folgendes zu genie\u00dfen:   Ger\u00e4umige Zimmer: Gr\u00f6\u00dfe 26 \u2013 32 m\u00b2  Familienzimmer: Verbundene Zimmer, ideal f\u00fcr Familien  Zimmer mit Vorgarten: Privater Au\u00dfenbereich mit Sitzgelegenheit.  &nbsp;","robots":{"index":"index","follow":"follow","max-snippet":"max-snippet:-1","max-image-preview":"max-image-preview:large","max-video-preview":"max-video-preview:-1"},"canonical":"https:\/\/www.hotel-golf.cz\/de\/zimmer\/deluxe\/","og_locale":"de_DE","og_type":"article","og_title":"Deluxe - Hotel Golf Prague","og_description":"Die DELUXE Zimmer sind darauf ausgelegt, Ihnen maximalen Komfort und Entspannung zu bieten. Lassen Sie sich von ihrer Ger\u00e4umigkeit, perfekten Ausstattung und modernem Design verzaubern.  Wir laden Sie ein, folgendes zu genie\u00dfen:   Ger\u00e4umige Zimmer: Gr\u00f6\u00dfe 26 \u2013 32 m\u00b2  Familienzimmer: Verbundene Zimmer, ideal f\u00fcr Familien  Zimmer mit Vorgarten: Privater Au\u00dfenbereich mit Sitzgelegenheit.  &nbsp;","og_url":"https:\/\/www.hotel-golf.cz\/de\/zimmer\/deluxe\/","og_site_name":"Hotel Golf Prague","article_publisher":"https:\/\/www.facebook.com\/hotelgolfprague\/","article_modified_time":"2025-03-13T16:19:51+00:00","og_image":[{"width":1800,"height":1200,"url":"https:\/\/www.hotel-golf.cz\/wp-content\/uploads\/sites\/177\/2025\/03\/de-luxe-dbl.jpg","type":"image\/jpeg"}],"twitter_card":"summary_large_image","twitter_misc":{"Gesch\u00e4tzte Lesezeit":"1 Minute"},"schema":{"@context":"https:\/\/schema.org","@graph":[{"@type":"WebPage","@id":"https:\/\/www.hotel-golf.cz\/de\/zimmer\/deluxe\/","url":"https:\/\/www.hotel-golf.cz\/de\/zimmer\/deluxe\/","name":"Deluxe - Hotel Golf Prague","isPartOf":{"@id":"https:\/\/www.hotel-golf.cz\/de\/#website"},"primaryImageOfPage":{"@id":"https:\/\/www.hotel-golf.cz\/de\/zimmer\/deluxe\/#primaryimage"},"image":{"@id":"https:\/\/www.hotel-golf.cz\/de\/zimmer\/deluxe\/#primaryimage"},"thumbnailUrl":"https:\/\/www.hotel-golf.cz\/wp-content\/uploads\/sites\/177\/2025\/03\/de-luxe-dbl.jpg","datePublished":"2024-10-23T16:23:40+00:00","dateModified":"2025-03-13T16:19:51+00:00","description":"Die DELUXE Zimmer sind darauf ausgelegt, Ihnen maximalen Komfort und Entspannung zu bieten. Lassen Sie sich von ihrer Ger\u00e4umigkeit, perfekten Ausstattung und modernem Design verzaubern. Wir laden Sie ein, folgendes zu genie\u00dfen: \u2022 Ger\u00e4umige Zimmer: Gr\u00f6\u00dfe 26 \u2013 32 m\u00b2 \u2022 Familienzimmer: Verbundene Zimmer, ideal f\u00fcr Familien \u2022 Zimmer mit Vorgarten: Privater Au\u00dfenbereich mit Sitzgelegenheit. &nbsp;","breadcrumb":{"@id":"https:\/\/www.hotel-golf.cz\/de\/zimmer\/deluxe\/#breadcrumb"},"inLanguage":"de-DE","potentialAction":[{"@type":"ReadAction","target":["https:\/\/www.hotel-golf.cz\/de\/zimmer\/deluxe\/"]}]},{"@type":"ImageObject","inLanguage":"de-DE","@id":"https:\/\/www.hotel-golf.cz\/de\/zimmer\/deluxe\/#primaryimage","url":"https:\/\/www.hotel-golf.cz\/wp-content\/uploads\/sites\/177\/2025\/03\/de-luxe-dbl.jpg","contentUrl":"https:\/\/www.hotel-golf.cz\/wp-content\/uploads\/sites\/177\/2025\/03\/de-luxe-dbl.jpg","width":1800,"height":1200},{"@type":"BreadcrumbList","@id":"https:\/\/www.hotel-golf.cz\/de\/zimmer\/deluxe\/#breadcrumb","itemListElement":[{"@type":"ListItem","position":1,"name":"Home","item":"https:\/\/www.hotel-golf.cz\/de\/"},{"@type":"ListItem","position":2,"name":"Zimmer","item":"https:\/\/www.hotel-golf.cz\/de\/zimmer\/"},{"@type":"ListItem","position":3,"name":"Deluxe"}]},{"@type":"WebSite","@id":"https:\/\/www.hotel-golf.cz\/de\/#website","url":"https:\/\/www.hotel-golf.cz\/de\/","name":"Hotel Golf Prague","description":"Romantika ve dvou, dovolen\u00e1 s d\u011btmi, ubytov\u00e1n\u00ed pro firmy, konference, wellness. C\u00edl cesty do Prahy si vyberte sami. O va\u0161e pohodl\u00ed se postar\u00e1me my.","publisher":{"@id":"https:\/\/www.hotel-golf.cz\/de\/#organization"},"alternateName":"Hotel Golf Prague","potentialAction":[{"@type":"SearchAction","target":{"@type":"EntryPoint","urlTemplate":"https:\/\/www.hotel-golf.cz\/de\/?s={search_term_string}"},"query-input":{"@type":"PropertyValueSpecification","valueRequired":true,"valueName":"search_term_string"}}],"inLanguage":"de-DE"},{"@type":"Organization","@id":"https:\/\/www.hotel-golf.cz\/de\/#organization","name":"Hotel Golf Prague","url":"https:\/\/www.hotel-golf.cz\/de\/","logo":{"@type":"ImageObject","inLanguage":"de-DE","@id":"https:\/\/www.hotel-golf.cz\/de\/#\/schema\/logo\/image\/","url":"https:\/\/www.hotel-golf.cz\/wp-content\/uploads\/sites\/177\/2024\/10\/Logo_Hotel_Golf_Prague_black.svg","contentUrl":"https:\/\/www.hotel-golf.cz\/wp-content\/uploads\/sites\/177\/2024\/10\/Logo_Hotel_Golf_Prague_black.svg","width":272,"height":79,"caption":"Hotel Golf Prague"},"image":{"@id":"https:\/\/www.hotel-golf.cz\/de\/#\/schema\/logo\/image\/"},"sameAs":["https:\/\/www.facebook.com\/hotelgolfprague\/","https:\/\/www.instagram.com\/hotelgolfprague\/","https:\/\/www.tripadvisor.com\/Hotel_Review-g274707-d277209-Reviews-Hotel_Golf-Prague_Bohemia.html"]}]}},"acf":[],"_links":{"self":[{"href":"https:\/\/www.hotel-golf.cz\/de\/wp-json\/wp\/v2\/pages\/1215","targetHints":{"allow":["GET"]}}],"collection":[{"href":"https:\/\/www.hotel-golf.cz\/de\/wp-json\/wp\/v2\/pages"}],"about":[{"href":"https:\/\/www.hotel-golf.cz\/de\/wp-json\/wp\/v2\/types\/page"}],"author":[{"embeddable":true,"href":"https:\/\/www.hotel-golf.cz\/de\/wp-json\/wp\/v2\/users\/12"}],"replies":[{"embeddable":true,"href":"https:\/\/www.hotel-golf.cz\/de\/wp-json\/wp\/v2\/comments?post=1215"}],"version-history":[{"count":0,"href":"https:\/\/www.hotel-golf.cz\/de\/wp-json\/wp\/v2\/pages\/1215\/revisions"}],"up":[{"embeddable":true,"href":"https:\/\/www.hotel-golf.cz\/de\/wp-json\/wp\/v2\/pages\/1172"}],"wp:featuredmedia":[{"embeddable":true,"href":"https:\/\/www.hotel-golf.cz\/de\/wp-json\/wp\/v2\/media\/1344"}],"wp:attachment":[{"href":"https:\/\/www.hotel-golf.cz\/de\/wp-json\/wp\/v2\/media?parent=1215"}],"curies":[{"name":"wp","href":"https:\/\/api.w.org\/{rel}","templated":true}]}}