{"id":1181,"date":"2024-12-23T17:50:45","date_gmt":"2024-12-23T17:50:45","guid":{"rendered":"https:\/\/hotel-golf-prague.ms2.decms.eu\/?page_id=1181"},"modified":"2025-03-05T15:37:57","modified_gmt":"2025-03-05T15:37:57","slug":"fuer-unternehmen","status":"publish","type":"page","link":"https:\/\/www.hotel-golf.cz\/de\/fuer-unternehmen\/","title":{"rendered":"F\u00fcr Unternehmen"},"content":{"rendered":"<p><span style=\"font-weight: 400;\">Das Hotel Golf bietet hohe Unterkunftskapazit\u00e4ten, Verpflegung und Freizeitaktivit\u00e4ten. Wenn Sie an Konferenzeinrichtungen interessiert sind, k\u00f6nnen wir bis zu 6 R\u00e4ume mit modernster Ausstattung und der M\u00f6glichkeit einer Au\u00dfenbestuhlung mieten<\/span><\/p>\n","protected":false},"excerpt":{"rendered":"<p>Das Hotel Golf bietet hohe Unterkunftskapazit\u00e4ten, Verpflegung und Freizeitaktivit\u00e4ten. Wenn Sie an Konferenzeinrichtungen interessiert sind, k\u00f6nnen wir bis zu 6 R\u00e4ume mit modernster Ausstattung und der M\u00f6glichkeit einer Au\u00dfenbestuhlung mieten<\/p>\n","protected":false},"author":12,"featured_media":383,"parent":0,"menu_order":40,"comment_status":"closed","ping_status":"closed","template":"template-services-v2.php","meta":{"footnotes":""},"class_list":["post-1181","page","type-page","status-publish","has-post-thumbnail","hentry"],"yoast_head":"<!-- This site is optimized with the Yoast SEO plugin v27.3 - https:\/\/yoast.com\/product\/yoast-seo-wordpress\/ -->\n<title>F\u00fcr Unternehmen - Hotel Golf Prague<\/title>\n<meta name=\"description\" content=\"Das Hotel Golf bietet hohe Unterkunftskapazit\u00e4ten, Verpflegung und Freizeitaktivit\u00e4ten. Wenn Sie an Konferenzeinrichtungen interessiert sind, k\u00f6nnen wir bis zu 6 R\u00e4ume mit modernster Ausstattung und der M\u00f6glichkeit einer Au\u00dfenbestuhlung mieten\" \/>\n<meta name=\"robots\" content=\"index, follow, max-snippet:-1, max-image-preview:large, max-video-preview:-1\" \/>\n<link rel=\"canonical\" href=\"https:\/\/www.hotel-golf.cz\/de\/fuer-unternehmen\/\" \/>\n<meta property=\"og:locale\" content=\"de_DE\" \/>\n<meta property=\"og:type\" content=\"article\" \/>\n<meta property=\"og:title\" content=\"F\u00fcr Unternehmen - Hotel Golf Prague\" \/>\n<meta property=\"og:description\" content=\"Das Hotel Golf bietet hohe Unterkunftskapazit\u00e4ten, Verpflegung und Freizeitaktivit\u00e4ten. Wenn Sie an Konferenzeinrichtungen interessiert sind, k\u00f6nnen wir bis zu 6 R\u00e4ume mit modernster Ausstattung und der M\u00f6glichkeit einer Au\u00dfenbestuhlung mieten\" \/>\n<meta property=\"og:url\" content=\"https:\/\/www.hotel-golf.cz\/de\/fuer-unternehmen\/\" \/>\n<meta property=\"og:site_name\" content=\"Hotel Golf Prague\" \/>\n<meta property=\"article:publisher\" content=\"https:\/\/www.facebook.com\/hotelgolfprague\/\" \/>\n<meta property=\"article:modified_time\" content=\"2025-03-05T15:37:57+00:00\" \/>\n<meta property=\"og:image\" content=\"https:\/\/www.hotel-golf.cz\/wp-content\/uploads\/sites\/177\/2024\/11\/Driving-Range-60.jpg\" \/>\n\t<meta property=\"og:image:width\" content=\"1800\" \/>\n\t<meta property=\"og:image:height\" content=\"1200\" \/>\n\t<meta property=\"og:image:type\" content=\"image\/jpeg\" \/>\n<meta name=\"twitter:card\" content=\"summary_large_image\" \/>\n<meta name=\"twitter:label1\" content=\"Gesch\u00e4tzte Lesezeit\" \/>\n\t<meta name=\"twitter:data1\" content=\"1 Minute\" \/>\n<script type=\"application\/ld+json\" class=\"yoast-schema-graph\">{\"@context\":\"https:\\\/\\\/schema.org\",\"@graph\":[{\"@type\":\"WebPage\",\"@id\":\"https:\\\/\\\/www.hotel-golf.cz\\\/de\\\/fuer-unternehmen\\\/\",\"url\":\"https:\\\/\\\/www.hotel-golf.cz\\\/de\\\/fuer-unternehmen\\\/\",\"name\":\"F\u00fcr Unternehmen - Hotel Golf Prague\",\"isPartOf\":{\"@id\":\"https:\\\/\\\/www.hotel-golf.cz\\\/de\\\/#website\"},\"primaryImageOfPage\":{\"@id\":\"https:\\\/\\\/www.hotel-golf.cz\\\/de\\\/fuer-unternehmen\\\/#primaryimage\"},\"image\":{\"@id\":\"https:\\\/\\\/www.hotel-golf.cz\\\/de\\\/fuer-unternehmen\\\/#primaryimage\"},\"thumbnailUrl\":\"https:\\\/\\\/www.hotel-golf.cz\\\/wp-content\\\/uploads\\\/sites\\\/177\\\/2024\\\/11\\\/Driving-Range-60.jpg\",\"datePublished\":\"2024-12-23T17:50:45+00:00\",\"dateModified\":\"2025-03-05T15:37:57+00:00\",\"description\":\"Das Hotel Golf bietet hohe Unterkunftskapazit\u00e4ten, Verpflegung und Freizeitaktivit\u00e4ten. Wenn Sie an Konferenzeinrichtungen interessiert sind, k\u00f6nnen wir bis zu 6 R\u00e4ume mit modernster Ausstattung und der M\u00f6glichkeit einer Au\u00dfenbestuhlung mieten\",\"breadcrumb\":{\"@id\":\"https:\\\/\\\/www.hotel-golf.cz\\\/de\\\/fuer-unternehmen\\\/#breadcrumb\"},\"inLanguage\":\"de-DE\",\"potentialAction\":[{\"@type\":\"ReadAction\",\"target\":[\"https:\\\/\\\/www.hotel-golf.cz\\\/de\\\/fuer-unternehmen\\\/\"]}]},{\"@type\":\"ImageObject\",\"inLanguage\":\"de-DE\",\"@id\":\"https:\\\/\\\/www.hotel-golf.cz\\\/de\\\/fuer-unternehmen\\\/#primaryimage\",\"url\":\"https:\\\/\\\/www.hotel-golf.cz\\\/wp-content\\\/uploads\\\/sites\\\/177\\\/2024\\\/11\\\/Driving-Range-60.jpg\",\"contentUrl\":\"https:\\\/\\\/www.hotel-golf.cz\\\/wp-content\\\/uploads\\\/sites\\\/177\\\/2024\\\/11\\\/Driving-Range-60.jpg\",\"width\":1800,\"height\":1200},{\"@type\":\"BreadcrumbList\",\"@id\":\"https:\\\/\\\/www.hotel-golf.cz\\\/de\\\/fuer-unternehmen\\\/#breadcrumb\",\"itemListElement\":[{\"@type\":\"ListItem\",\"position\":1,\"name\":\"Home\",\"item\":\"https:\\\/\\\/www.hotel-golf.cz\\\/de\\\/\"},{\"@type\":\"ListItem\",\"position\":2,\"name\":\"F\u00fcr Unternehmen\"}]},{\"@type\":\"WebSite\",\"@id\":\"https:\\\/\\\/www.hotel-golf.cz\\\/de\\\/#website\",\"url\":\"https:\\\/\\\/www.hotel-golf.cz\\\/de\\\/\",\"name\":\"Hotel Golf Prague\",\"description\":\"Romantika ve dvou, dovolen\u00e1 s d\u011btmi, ubytov\u00e1n\u00ed pro firmy, konference, wellness. C\u00edl cesty do Prahy si vyberte sami. O va\u0161e pohodl\u00ed se postar\u00e1me my.\",\"publisher\":{\"@id\":\"https:\\\/\\\/www.hotel-golf.cz\\\/de\\\/#organization\"},\"alternateName\":\"Hotel Golf Prague\",\"potentialAction\":[{\"@type\":\"SearchAction\",\"target\":{\"@type\":\"EntryPoint\",\"urlTemplate\":\"https:\\\/\\\/www.hotel-golf.cz\\\/de\\\/?s={search_term_string}\"},\"query-input\":{\"@type\":\"PropertyValueSpecification\",\"valueRequired\":true,\"valueName\":\"search_term_string\"}}],\"inLanguage\":\"de-DE\"},{\"@type\":\"Organization\",\"@id\":\"https:\\\/\\\/www.hotel-golf.cz\\\/de\\\/#organization\",\"name\":\"Hotel Golf Prague\",\"url\":\"https:\\\/\\\/www.hotel-golf.cz\\\/de\\\/\",\"logo\":{\"@type\":\"ImageObject\",\"inLanguage\":\"de-DE\",\"@id\":\"https:\\\/\\\/www.hotel-golf.cz\\\/de\\\/#\\\/schema\\\/logo\\\/image\\\/\",\"url\":\"https:\\\/\\\/www.hotel-golf.cz\\\/wp-content\\\/uploads\\\/sites\\\/177\\\/2024\\\/10\\\/Logo_Hotel_Golf_Prague_black.svg\",\"contentUrl\":\"https:\\\/\\\/www.hotel-golf.cz\\\/wp-content\\\/uploads\\\/sites\\\/177\\\/2024\\\/10\\\/Logo_Hotel_Golf_Prague_black.svg\",\"width\":272,\"height\":79,\"caption\":\"Hotel Golf Prague\"},\"image\":{\"@id\":\"https:\\\/\\\/www.hotel-golf.cz\\\/de\\\/#\\\/schema\\\/logo\\\/image\\\/\"},\"sameAs\":[\"https:\\\/\\\/www.facebook.com\\\/hotelgolfprague\\\/\",\"https:\\\/\\\/www.instagram.com\\\/hotelgolfprague\\\/\",\"https:\\\/\\\/www.tripadvisor.com\\\/Hotel_Review-g274707-d277209-Reviews-Hotel_Golf-Prague_Bohemia.html\"]}]}<\/script>\n<!-- \/ Yoast SEO plugin. -->","yoast_head_json":{"title":"F\u00fcr Unternehmen - Hotel Golf Prague","description":"Das Hotel Golf bietet hohe Unterkunftskapazit\u00e4ten, Verpflegung und Freizeitaktivit\u00e4ten. Wenn Sie an Konferenzeinrichtungen interessiert sind, k\u00f6nnen wir bis zu 6 R\u00e4ume mit modernster Ausstattung und der M\u00f6glichkeit einer Au\u00dfenbestuhlung mieten","robots":{"index":"index","follow":"follow","max-snippet":"max-snippet:-1","max-image-preview":"max-image-preview:large","max-video-preview":"max-video-preview:-1"},"canonical":"https:\/\/www.hotel-golf.cz\/de\/fuer-unternehmen\/","og_locale":"de_DE","og_type":"article","og_title":"F\u00fcr Unternehmen - Hotel Golf Prague","og_description":"Das Hotel Golf bietet hohe Unterkunftskapazit\u00e4ten, Verpflegung und Freizeitaktivit\u00e4ten. Wenn Sie an Konferenzeinrichtungen interessiert sind, k\u00f6nnen wir bis zu 6 R\u00e4ume mit modernster Ausstattung und der M\u00f6glichkeit einer Au\u00dfenbestuhlung mieten","og_url":"https:\/\/www.hotel-golf.cz\/de\/fuer-unternehmen\/","og_site_name":"Hotel Golf Prague","article_publisher":"https:\/\/www.facebook.com\/hotelgolfprague\/","article_modified_time":"2025-03-05T15:37:57+00:00","og_image":[{"width":1800,"height":1200,"url":"https:\/\/www.hotel-golf.cz\/wp-content\/uploads\/sites\/177\/2024\/11\/Driving-Range-60.jpg","type":"image\/jpeg"}],"twitter_card":"summary_large_image","twitter_misc":{"Gesch\u00e4tzte Lesezeit":"1 Minute"},"schema":{"@context":"https:\/\/schema.org","@graph":[{"@type":"WebPage","@id":"https:\/\/www.hotel-golf.cz\/de\/fuer-unternehmen\/","url":"https:\/\/www.hotel-golf.cz\/de\/fuer-unternehmen\/","name":"F\u00fcr Unternehmen - Hotel Golf Prague","isPartOf":{"@id":"https:\/\/www.hotel-golf.cz\/de\/#website"},"primaryImageOfPage":{"@id":"https:\/\/www.hotel-golf.cz\/de\/fuer-unternehmen\/#primaryimage"},"image":{"@id":"https:\/\/www.hotel-golf.cz\/de\/fuer-unternehmen\/#primaryimage"},"thumbnailUrl":"https:\/\/www.hotel-golf.cz\/wp-content\/uploads\/sites\/177\/2024\/11\/Driving-Range-60.jpg","datePublished":"2024-12-23T17:50:45+00:00","dateModified":"2025-03-05T15:37:57+00:00","description":"Das Hotel Golf bietet hohe Unterkunftskapazit\u00e4ten, Verpflegung und Freizeitaktivit\u00e4ten. Wenn Sie an Konferenzeinrichtungen interessiert sind, k\u00f6nnen wir bis zu 6 R\u00e4ume mit modernster Ausstattung und der M\u00f6glichkeit einer Au\u00dfenbestuhlung mieten","breadcrumb":{"@id":"https:\/\/www.hotel-golf.cz\/de\/fuer-unternehmen\/#breadcrumb"},"inLanguage":"de-DE","potentialAction":[{"@type":"ReadAction","target":["https:\/\/www.hotel-golf.cz\/de\/fuer-unternehmen\/"]}]},{"@type":"ImageObject","inLanguage":"de-DE","@id":"https:\/\/www.hotel-golf.cz\/de\/fuer-unternehmen\/#primaryimage","url":"https:\/\/www.hotel-golf.cz\/wp-content\/uploads\/sites\/177\/2024\/11\/Driving-Range-60.jpg","contentUrl":"https:\/\/www.hotel-golf.cz\/wp-content\/uploads\/sites\/177\/2024\/11\/Driving-Range-60.jpg","width":1800,"height":1200},{"@type":"BreadcrumbList","@id":"https:\/\/www.hotel-golf.cz\/de\/fuer-unternehmen\/#breadcrumb","itemListElement":[{"@type":"ListItem","position":1,"name":"Home","item":"https:\/\/www.hotel-golf.cz\/de\/"},{"@type":"ListItem","position":2,"name":"F\u00fcr Unternehmen"}]},{"@type":"WebSite","@id":"https:\/\/www.hotel-golf.cz\/de\/#website","url":"https:\/\/www.hotel-golf.cz\/de\/","name":"Hotel Golf Prague","description":"Romantika ve dvou, dovolen\u00e1 s d\u011btmi, ubytov\u00e1n\u00ed pro firmy, konference, wellness. C\u00edl cesty do Prahy si vyberte sami. O va\u0161e pohodl\u00ed se postar\u00e1me my.","publisher":{"@id":"https:\/\/www.hotel-golf.cz\/de\/#organization"},"alternateName":"Hotel Golf Prague","potentialAction":[{"@type":"SearchAction","target":{"@type":"EntryPoint","urlTemplate":"https:\/\/www.hotel-golf.cz\/de\/?s={search_term_string}"},"query-input":{"@type":"PropertyValueSpecification","valueRequired":true,"valueName":"search_term_string"}}],"inLanguage":"de-DE"},{"@type":"Organization","@id":"https:\/\/www.hotel-golf.cz\/de\/#organization","name":"Hotel Golf Prague","url":"https:\/\/www.hotel-golf.cz\/de\/","logo":{"@type":"ImageObject","inLanguage":"de-DE","@id":"https:\/\/www.hotel-golf.cz\/de\/#\/schema\/logo\/image\/","url":"https:\/\/www.hotel-golf.cz\/wp-content\/uploads\/sites\/177\/2024\/10\/Logo_Hotel_Golf_Prague_black.svg","contentUrl":"https:\/\/www.hotel-golf.cz\/wp-content\/uploads\/sites\/177\/2024\/10\/Logo_Hotel_Golf_Prague_black.svg","width":272,"height":79,"caption":"Hotel Golf Prague"},"image":{"@id":"https:\/\/www.hotel-golf.cz\/de\/#\/schema\/logo\/image\/"},"sameAs":["https:\/\/www.facebook.com\/hotelgolfprague\/","https:\/\/www.instagram.com\/hotelgolfprague\/","https:\/\/www.tripadvisor.com\/Hotel_Review-g274707-d277209-Reviews-Hotel_Golf-Prague_Bohemia.html"]}]}},"acf":[],"_links":{"self":[{"href":"https:\/\/www.hotel-golf.cz\/de\/wp-json\/wp\/v2\/pages\/1181","targetHints":{"allow":["GET"]}}],"collection":[{"href":"https:\/\/www.hotel-golf.cz\/de\/wp-json\/wp\/v2\/pages"}],"about":[{"href":"https:\/\/www.hotel-golf.cz\/de\/wp-json\/wp\/v2\/types\/page"}],"author":[{"embeddable":true,"href":"https:\/\/www.hotel-golf.cz\/de\/wp-json\/wp\/v2\/users\/12"}],"replies":[{"embeddable":true,"href":"https:\/\/www.hotel-golf.cz\/de\/wp-json\/wp\/v2\/comments?post=1181"}],"version-history":[{"count":0,"href":"https:\/\/www.hotel-golf.cz\/de\/wp-json\/wp\/v2\/pages\/1181\/revisions"}],"wp:featuredmedia":[{"embeddable":true,"href":"https:\/\/www.hotel-golf.cz\/de\/wp-json\/wp\/v2\/media\/383"}],"wp:attachment":[{"href":"https:\/\/www.hotel-golf.cz\/de\/wp-json\/wp\/v2\/media?parent=1181"}],"curies":[{"name":"wp","href":"https:\/\/api.w.org\/{rel}","templated":true}]}}