{"id":1169,"date":"2024-10-24T15:20:17","date_gmt":"2024-10-24T15:20:17","guid":{"rendered":"https:\/\/hotel-golf-prague.ms2.decms.eu\/?page_id=1169"},"modified":"2025-11-06T09:41:42","modified_gmt":"2025-11-06T09:41:42","slug":"lage","status":"publish","type":"page","link":"https:\/\/www.hotel-golf.cz\/de\/lage\/","title":{"rendered":"Lage"},"content":{"rendered":"<p><a href=\"https:\/\/www.hotel-golf.cz\/de\/\">Das Hotel Golf und Golf Depandance<\/a>\u00a0befindet sich in Prag, einer der sch\u00f6nsten St\u00e4dte im Herzen Europas. Seine Lage im Stadtteil Prag 5 macht es zu einer idealen Wahl f\u00fcr Touristen, Gruppen und Firmenkunden. Das Hotel befindet sich inmitten\u00a0<b>des Naturparks Ko\u0161\u00ed\u0159e-Motol\u00a0<\/b>in der N\u00e4he des Golfplatzes und bietet eine sehr gute Anbindung an das Stadtzentrum und den Flughafen.<\/p>\n<p class=\"p1\">In der unmittelbaren Umgebung des Hotels Golf befinden sich zahlreiche nat\u00fcrliche und historische Sehensw\u00fcrdigkeiten. Dazu geh\u00f6ren zum Beispiel der Tafelberg von Vidoule oder der Cibulka-Park und der Aussichtsturm. Ein Steinkreuz auf dem weithin sichtbaren Felsvorsprung des Kalvarienbergs erinnert daran, dass die Geschichte von Motol mit dem Malteserorden verbunden ist. Die\u00a0<b>Universit\u00e4tsklinik Motol und das Krankenhaus Na Homolce befinden sich ebenfalls in der N\u00e4he des Hotels<\/b>.<\/p>\n<p><b>Hotel Golf:\u00a0<\/b>Plze\u0148sk\u00e1 103, 150 00 Praha 5 Tschechische Republik<\/p>\n<p class=\"p2\"><span class=\"s1\"><b>GPS-Koordinaten:<\/b>\u00a050\u00b04\u20192.6\u2033N 14\u00b020\u201941.14\u2033E<\/span><\/p>\n","protected":false},"excerpt":{"rendered":"<p>Das Hotel Golf und Golf Depandance\u00a0befindet sich in Prag, einer der sch\u00f6nsten St\u00e4dte im Herzen Europas. Seine Lage im Stadtteil Prag 5 macht es zu einer idealen Wahl f\u00fcr Touristen, Gruppen und Firmenkunden. Das Hotel befindet sich inmitten\u00a0des Naturparks Ko\u0161\u00ed\u0159e-Motol\u00a0in der N\u00e4he des Golfplatzes und bietet eine sehr gute Anbindung an das Stadtzentrum und den [&hellip;]<\/p>\n","protected":false},"author":12,"featured_media":0,"parent":0,"menu_order":200,"comment_status":"closed","ping_status":"closed","template":"template-location.php","meta":{"footnotes":""},"class_list":["post-1169","page","type-page","status-publish","hentry"],"yoast_head":"<!-- This site is optimized with the Yoast SEO plugin v27.3 - https:\/\/yoast.com\/product\/yoast-seo-wordpress\/ -->\n<title>Lage - Hotel Golf Prague<\/title>\n<meta name=\"description\" content=\"Das Hotel Golf und Golf Depandance\u00a0befindet sich in Prag, einer der sch\u00f6nsten St\u00e4dte im Herzen Europas. Seine Lage im Stadtteil Prag 5 macht es zu einer idealen Wahl f\u00fcr Touristen, Gruppen und Firmenkunden\" \/>\n<meta name=\"robots\" content=\"index, follow, max-snippet:-1, max-image-preview:large, max-video-preview:-1\" \/>\n<link rel=\"canonical\" href=\"https:\/\/www.hotel-golf.cz\/de\/lage\/\" \/>\n<meta property=\"og:locale\" content=\"de_DE\" \/>\n<meta property=\"og:type\" content=\"article\" \/>\n<meta property=\"og:title\" content=\"Lage - Hotel Golf Prague\" \/>\n<meta property=\"og:description\" content=\"Das Hotel Golf und Golf Depandance\u00a0befindet sich in Prag, einer der sch\u00f6nsten St\u00e4dte im Herzen Europas. Seine Lage im Stadtteil Prag 5 macht es zu einer idealen Wahl f\u00fcr Touristen, Gruppen und Firmenkunden\" \/>\n<meta property=\"og:url\" content=\"https:\/\/www.hotel-golf.cz\/de\/lage\/\" \/>\n<meta property=\"og:site_name\" content=\"Hotel Golf Prague\" \/>\n<meta property=\"article:publisher\" content=\"https:\/\/www.facebook.com\/hotelgolfprague\/\" \/>\n<meta property=\"article:modified_time\" content=\"2025-11-06T09:41:42+00:00\" \/>\n<meta name=\"twitter:card\" content=\"summary_large_image\" \/>\n<meta name=\"twitter:label1\" content=\"Gesch\u00e4tzte Lesezeit\" \/>\n\t<meta name=\"twitter:data1\" content=\"1 Minute\" \/>\n<script type=\"application\/ld+json\" class=\"yoast-schema-graph\">{\"@context\":\"https:\\\/\\\/schema.org\",\"@graph\":[{\"@type\":\"WebPage\",\"@id\":\"https:\\\/\\\/www.hotel-golf.cz\\\/de\\\/lage\\\/\",\"url\":\"https:\\\/\\\/www.hotel-golf.cz\\\/de\\\/lage\\\/\",\"name\":\"Lage - Hotel Golf Prague\",\"isPartOf\":{\"@id\":\"https:\\\/\\\/www.hotel-golf.cz\\\/de\\\/#website\"},\"datePublished\":\"2024-10-24T15:20:17+00:00\",\"dateModified\":\"2025-11-06T09:41:42+00:00\",\"description\":\"Das Hotel Golf und Golf Depandance\u00a0befindet sich in Prag, einer der sch\u00f6nsten St\u00e4dte im Herzen Europas. Seine Lage im Stadtteil Prag 5 macht es zu einer idealen Wahl f\u00fcr Touristen, Gruppen und Firmenkunden\",\"breadcrumb\":{\"@id\":\"https:\\\/\\\/www.hotel-golf.cz\\\/de\\\/lage\\\/#breadcrumb\"},\"inLanguage\":\"de-DE\",\"potentialAction\":[{\"@type\":\"ReadAction\",\"target\":[\"https:\\\/\\\/www.hotel-golf.cz\\\/de\\\/lage\\\/\"]}]},{\"@type\":\"BreadcrumbList\",\"@id\":\"https:\\\/\\\/www.hotel-golf.cz\\\/de\\\/lage\\\/#breadcrumb\",\"itemListElement\":[{\"@type\":\"ListItem\",\"position\":1,\"name\":\"Home\",\"item\":\"https:\\\/\\\/www.hotel-golf.cz\\\/de\\\/\"},{\"@type\":\"ListItem\",\"position\":2,\"name\":\"Lage\"}]},{\"@type\":\"WebSite\",\"@id\":\"https:\\\/\\\/www.hotel-golf.cz\\\/de\\\/#website\",\"url\":\"https:\\\/\\\/www.hotel-golf.cz\\\/de\\\/\",\"name\":\"Hotel Golf Prague\",\"description\":\"Romantika ve dvou, dovolen\u00e1 s d\u011btmi, ubytov\u00e1n\u00ed pro firmy, konference, wellness. C\u00edl cesty do Prahy si vyberte sami. O va\u0161e pohodl\u00ed se postar\u00e1me my.\",\"publisher\":{\"@id\":\"https:\\\/\\\/www.hotel-golf.cz\\\/de\\\/#organization\"},\"alternateName\":\"Hotel Golf Prague\",\"potentialAction\":[{\"@type\":\"SearchAction\",\"target\":{\"@type\":\"EntryPoint\",\"urlTemplate\":\"https:\\\/\\\/www.hotel-golf.cz\\\/de\\\/?s={search_term_string}\"},\"query-input\":{\"@type\":\"PropertyValueSpecification\",\"valueRequired\":true,\"valueName\":\"search_term_string\"}}],\"inLanguage\":\"de-DE\"},{\"@type\":\"Organization\",\"@id\":\"https:\\\/\\\/www.hotel-golf.cz\\\/de\\\/#organization\",\"name\":\"Hotel Golf Prague\",\"url\":\"https:\\\/\\\/www.hotel-golf.cz\\\/de\\\/\",\"logo\":{\"@type\":\"ImageObject\",\"inLanguage\":\"de-DE\",\"@id\":\"https:\\\/\\\/www.hotel-golf.cz\\\/de\\\/#\\\/schema\\\/logo\\\/image\\\/\",\"url\":\"https:\\\/\\\/www.hotel-golf.cz\\\/wp-content\\\/uploads\\\/sites\\\/177\\\/2024\\\/10\\\/Logo_Hotel_Golf_Prague_black.svg\",\"contentUrl\":\"https:\\\/\\\/www.hotel-golf.cz\\\/wp-content\\\/uploads\\\/sites\\\/177\\\/2024\\\/10\\\/Logo_Hotel_Golf_Prague_black.svg\",\"width\":272,\"height\":79,\"caption\":\"Hotel Golf Prague\"},\"image\":{\"@id\":\"https:\\\/\\\/www.hotel-golf.cz\\\/de\\\/#\\\/schema\\\/logo\\\/image\\\/\"},\"sameAs\":[\"https:\\\/\\\/www.facebook.com\\\/hotelgolfprague\\\/\",\"https:\\\/\\\/www.instagram.com\\\/hotelgolfprague\\\/\",\"https:\\\/\\\/www.tripadvisor.com\\\/Hotel_Review-g274707-d277209-Reviews-Hotel_Golf-Prague_Bohemia.html\"]}]}<\/script>\n<!-- \/ Yoast SEO plugin. -->","yoast_head_json":{"title":"Lage - Hotel Golf Prague","description":"Das Hotel Golf und Golf Depandance\u00a0befindet sich in Prag, einer der sch\u00f6nsten St\u00e4dte im Herzen Europas. Seine Lage im Stadtteil Prag 5 macht es zu einer idealen Wahl f\u00fcr Touristen, Gruppen und Firmenkunden","robots":{"index":"index","follow":"follow","max-snippet":"max-snippet:-1","max-image-preview":"max-image-preview:large","max-video-preview":"max-video-preview:-1"},"canonical":"https:\/\/www.hotel-golf.cz\/de\/lage\/","og_locale":"de_DE","og_type":"article","og_title":"Lage - Hotel Golf Prague","og_description":"Das Hotel Golf und Golf Depandance\u00a0befindet sich in Prag, einer der sch\u00f6nsten St\u00e4dte im Herzen Europas. Seine Lage im Stadtteil Prag 5 macht es zu einer idealen Wahl f\u00fcr Touristen, Gruppen und Firmenkunden","og_url":"https:\/\/www.hotel-golf.cz\/de\/lage\/","og_site_name":"Hotel Golf Prague","article_publisher":"https:\/\/www.facebook.com\/hotelgolfprague\/","article_modified_time":"2025-11-06T09:41:42+00:00","twitter_card":"summary_large_image","twitter_misc":{"Gesch\u00e4tzte Lesezeit":"1 Minute"},"schema":{"@context":"https:\/\/schema.org","@graph":[{"@type":"WebPage","@id":"https:\/\/www.hotel-golf.cz\/de\/lage\/","url":"https:\/\/www.hotel-golf.cz\/de\/lage\/","name":"Lage - Hotel Golf Prague","isPartOf":{"@id":"https:\/\/www.hotel-golf.cz\/de\/#website"},"datePublished":"2024-10-24T15:20:17+00:00","dateModified":"2025-11-06T09:41:42+00:00","description":"Das Hotel Golf und Golf Depandance\u00a0befindet sich in Prag, einer der sch\u00f6nsten St\u00e4dte im Herzen Europas. Seine Lage im Stadtteil Prag 5 macht es zu einer idealen Wahl f\u00fcr Touristen, Gruppen und Firmenkunden","breadcrumb":{"@id":"https:\/\/www.hotel-golf.cz\/de\/lage\/#breadcrumb"},"inLanguage":"de-DE","potentialAction":[{"@type":"ReadAction","target":["https:\/\/www.hotel-golf.cz\/de\/lage\/"]}]},{"@type":"BreadcrumbList","@id":"https:\/\/www.hotel-golf.cz\/de\/lage\/#breadcrumb","itemListElement":[{"@type":"ListItem","position":1,"name":"Home","item":"https:\/\/www.hotel-golf.cz\/de\/"},{"@type":"ListItem","position":2,"name":"Lage"}]},{"@type":"WebSite","@id":"https:\/\/www.hotel-golf.cz\/de\/#website","url":"https:\/\/www.hotel-golf.cz\/de\/","name":"Hotel Golf Prague","description":"Romantika ve dvou, dovolen\u00e1 s d\u011btmi, ubytov\u00e1n\u00ed pro firmy, konference, wellness. C\u00edl cesty do Prahy si vyberte sami. O va\u0161e pohodl\u00ed se postar\u00e1me my.","publisher":{"@id":"https:\/\/www.hotel-golf.cz\/de\/#organization"},"alternateName":"Hotel Golf Prague","potentialAction":[{"@type":"SearchAction","target":{"@type":"EntryPoint","urlTemplate":"https:\/\/www.hotel-golf.cz\/de\/?s={search_term_string}"},"query-input":{"@type":"PropertyValueSpecification","valueRequired":true,"valueName":"search_term_string"}}],"inLanguage":"de-DE"},{"@type":"Organization","@id":"https:\/\/www.hotel-golf.cz\/de\/#organization","name":"Hotel Golf Prague","url":"https:\/\/www.hotel-golf.cz\/de\/","logo":{"@type":"ImageObject","inLanguage":"de-DE","@id":"https:\/\/www.hotel-golf.cz\/de\/#\/schema\/logo\/image\/","url":"https:\/\/www.hotel-golf.cz\/wp-content\/uploads\/sites\/177\/2024\/10\/Logo_Hotel_Golf_Prague_black.svg","contentUrl":"https:\/\/www.hotel-golf.cz\/wp-content\/uploads\/sites\/177\/2024\/10\/Logo_Hotel_Golf_Prague_black.svg","width":272,"height":79,"caption":"Hotel Golf Prague"},"image":{"@id":"https:\/\/www.hotel-golf.cz\/de\/#\/schema\/logo\/image\/"},"sameAs":["https:\/\/www.facebook.com\/hotelgolfprague\/","https:\/\/www.instagram.com\/hotelgolfprague\/","https:\/\/www.tripadvisor.com\/Hotel_Review-g274707-d277209-Reviews-Hotel_Golf-Prague_Bohemia.html"]}]}},"acf":[],"_links":{"self":[{"href":"https:\/\/www.hotel-golf.cz\/de\/wp-json\/wp\/v2\/pages\/1169","targetHints":{"allow":["GET"]}}],"collection":[{"href":"https:\/\/www.hotel-golf.cz\/de\/wp-json\/wp\/v2\/pages"}],"about":[{"href":"https:\/\/www.hotel-golf.cz\/de\/wp-json\/wp\/v2\/types\/page"}],"author":[{"embeddable":true,"href":"https:\/\/www.hotel-golf.cz\/de\/wp-json\/wp\/v2\/users\/12"}],"replies":[{"embeddable":true,"href":"https:\/\/www.hotel-golf.cz\/de\/wp-json\/wp\/v2\/comments?post=1169"}],"version-history":[{"count":0,"href":"https:\/\/www.hotel-golf.cz\/de\/wp-json\/wp\/v2\/pages\/1169\/revisions"}],"wp:attachment":[{"href":"https:\/\/www.hotel-golf.cz\/de\/wp-json\/wp\/v2\/media?parent=1169"}],"curies":[{"name":"wp","href":"https:\/\/api.w.org\/{rel}","templated":true}]}}