{"id":1140,"date":"2024-11-27T15:41:23","date_gmt":"2024-11-27T15:41:23","guid":{"rendered":"https:\/\/hotel-golf-prague.ms2.decms.eu\/?page_id=1140"},"modified":"2025-03-06T09:36:31","modified_gmt":"2025-03-06T09:36:31","slug":"unterkunft-mit-hunden","status":"publish","type":"page","link":"https:\/\/www.hotel-golf.cz\/de\/unterkunft-mit-hunden\/","title":{"rendered":"Unterkunft mit Hunden"},"content":{"rendered":"<p>Ist Ihr Haustier ein vollwertiges Familienmitglied, und Sie k\u00f6nnen sich einen Urlaub ohne es nicht vorstellen? Das Hotel Golf bietet Unterk\u00fcnfte f\u00fcr Sie und Ihre vierbeinigen Begleiter in Superior- und Dependance-Zimmern. Wir bereiten in Ihrem Zimmer gerne alles vor, damit sich Ihr Hund wie zu Hause f\u00fchlt. Rund um das Hotel Golf finden Sie wundersch\u00f6ne Natur, die ideal f\u00fcr Spazierg\u00e4nge und Ausfl\u00fcge mit Ihrem Hund ist.<\/p>\n","protected":false},"excerpt":{"rendered":"<p>Ist Ihr Haustier ein vollwertiges Familienmitglied, und Sie k\u00f6nnen sich einen Urlaub ohne es nicht vorstellen? Das Hotel Golf bietet Unterk\u00fcnfte f\u00fcr Sie und Ihre vierbeinigen Begleiter in Superior- und Dependance-Zimmern. Wir bereiten in Ihrem Zimmer gerne alles vor, damit sich Ihr Hund wie zu Hause f\u00fchlt. Rund um das Hotel Golf finden Sie wundersch\u00f6ne [&hellip;]<\/p>\n","protected":false},"author":12,"featured_media":416,"parent":0,"menu_order":38,"comment_status":"closed","ping_status":"closed","template":"template-services-v2.php","meta":{"footnotes":""},"class_list":["post-1140","page","type-page","status-publish","has-post-thumbnail","hentry"],"yoast_head":"<!-- This site is optimized with the Yoast SEO plugin v27.3 - https:\/\/yoast.com\/product\/yoast-seo-wordpress\/ -->\n<title>Unterkunft mit Hunden - Hotel Golf Prague<\/title>\n<meta name=\"description\" content=\"Ist Ihr Haustier ein vollwertiges Familienmitglied, und Sie k\u00f6nnen sich einen Urlaub ohne es nicht vorstellen? Das Hotel Golf bietet Unterk\u00fcnfte f\u00fcr Sie und Ihre vierbeinigen Begleiter in Superior- und Dependance-Zimmern. Wir bereiten in Ihrem Zimmer gerne alles vor, damit sich Ihr Hund wie zu Hause f\u00fchlt\" \/>\n<meta name=\"robots\" content=\"index, follow, max-snippet:-1, max-image-preview:large, max-video-preview:-1\" \/>\n<link rel=\"canonical\" href=\"https:\/\/www.hotel-golf.cz\/de\/unterkunft-mit-hunden\/\" \/>\n<meta property=\"og:locale\" content=\"de_DE\" \/>\n<meta property=\"og:type\" content=\"article\" \/>\n<meta property=\"og:title\" content=\"Unterkunft mit Hunden - Hotel Golf Prague\" \/>\n<meta property=\"og:description\" content=\"Ist Ihr Haustier ein vollwertiges Familienmitglied, und Sie k\u00f6nnen sich einen Urlaub ohne es nicht vorstellen? Das Hotel Golf bietet Unterk\u00fcnfte f\u00fcr Sie und Ihre vierbeinigen Begleiter in Superior- und Dependance-Zimmern. Wir bereiten in Ihrem Zimmer gerne alles vor, damit sich Ihr Hund wie zu Hause f\u00fchlt\" \/>\n<meta property=\"og:url\" content=\"https:\/\/www.hotel-golf.cz\/de\/unterkunft-mit-hunden\/\" \/>\n<meta property=\"og:site_name\" content=\"Hotel Golf Prague\" \/>\n<meta property=\"article:publisher\" content=\"https:\/\/www.facebook.com\/hotelgolfprague\/\" \/>\n<meta property=\"article:modified_time\" content=\"2025-03-06T09:36:31+00:00\" \/>\n<meta property=\"og:image\" content=\"https:\/\/www.hotel-golf.cz\/wp-content\/uploads\/sites\/177\/2024\/11\/Dog-800x1201-1.jpg\" \/>\n\t<meta property=\"og:image:width\" content=\"800\" \/>\n\t<meta property=\"og:image:height\" content=\"1201\" \/>\n\t<meta property=\"og:image:type\" content=\"image\/jpeg\" \/>\n<meta name=\"twitter:card\" content=\"summary_large_image\" \/>\n<meta name=\"twitter:label1\" content=\"Gesch\u00e4tzte Lesezeit\" \/>\n\t<meta name=\"twitter:data1\" content=\"1 Minute\" \/>\n<script type=\"application\/ld+json\" class=\"yoast-schema-graph\">{\"@context\":\"https:\\\/\\\/schema.org\",\"@graph\":[{\"@type\":\"WebPage\",\"@id\":\"https:\\\/\\\/www.hotel-golf.cz\\\/de\\\/unterkunft-mit-hunden\\\/\",\"url\":\"https:\\\/\\\/www.hotel-golf.cz\\\/de\\\/unterkunft-mit-hunden\\\/\",\"name\":\"Unterkunft mit Hunden - Hotel Golf Prague\",\"isPartOf\":{\"@id\":\"https:\\\/\\\/www.hotel-golf.cz\\\/de\\\/#website\"},\"primaryImageOfPage\":{\"@id\":\"https:\\\/\\\/www.hotel-golf.cz\\\/de\\\/unterkunft-mit-hunden\\\/#primaryimage\"},\"image\":{\"@id\":\"https:\\\/\\\/www.hotel-golf.cz\\\/de\\\/unterkunft-mit-hunden\\\/#primaryimage\"},\"thumbnailUrl\":\"https:\\\/\\\/www.hotel-golf.cz\\\/wp-content\\\/uploads\\\/sites\\\/177\\\/2024\\\/11\\\/Dog-800x1201-1.jpg\",\"datePublished\":\"2024-11-27T15:41:23+00:00\",\"dateModified\":\"2025-03-06T09:36:31+00:00\",\"description\":\"Ist Ihr Haustier ein vollwertiges Familienmitglied, und Sie k\u00f6nnen sich einen Urlaub ohne es nicht vorstellen? Das Hotel Golf bietet Unterk\u00fcnfte f\u00fcr Sie und Ihre vierbeinigen Begleiter in Superior- und Dependance-Zimmern. Wir bereiten in Ihrem Zimmer gerne alles vor, damit sich Ihr Hund wie zu Hause f\u00fchlt\",\"breadcrumb\":{\"@id\":\"https:\\\/\\\/www.hotel-golf.cz\\\/de\\\/unterkunft-mit-hunden\\\/#breadcrumb\"},\"inLanguage\":\"de-DE\",\"potentialAction\":[{\"@type\":\"ReadAction\",\"target\":[\"https:\\\/\\\/www.hotel-golf.cz\\\/de\\\/unterkunft-mit-hunden\\\/\"]}]},{\"@type\":\"ImageObject\",\"inLanguage\":\"de-DE\",\"@id\":\"https:\\\/\\\/www.hotel-golf.cz\\\/de\\\/unterkunft-mit-hunden\\\/#primaryimage\",\"url\":\"https:\\\/\\\/www.hotel-golf.cz\\\/wp-content\\\/uploads\\\/sites\\\/177\\\/2024\\\/11\\\/Dog-800x1201-1.jpg\",\"contentUrl\":\"https:\\\/\\\/www.hotel-golf.cz\\\/wp-content\\\/uploads\\\/sites\\\/177\\\/2024\\\/11\\\/Dog-800x1201-1.jpg\",\"width\":800,\"height\":1201},{\"@type\":\"BreadcrumbList\",\"@id\":\"https:\\\/\\\/www.hotel-golf.cz\\\/de\\\/unterkunft-mit-hunden\\\/#breadcrumb\",\"itemListElement\":[{\"@type\":\"ListItem\",\"position\":1,\"name\":\"Home\",\"item\":\"https:\\\/\\\/www.hotel-golf.cz\\\/de\\\/\"},{\"@type\":\"ListItem\",\"position\":2,\"name\":\"Unterkunft mit Hunden\"}]},{\"@type\":\"WebSite\",\"@id\":\"https:\\\/\\\/www.hotel-golf.cz\\\/de\\\/#website\",\"url\":\"https:\\\/\\\/www.hotel-golf.cz\\\/de\\\/\",\"name\":\"Hotel Golf Prague\",\"description\":\"Romantika ve dvou, dovolen\u00e1 s d\u011btmi, ubytov\u00e1n\u00ed pro firmy, konference, wellness. C\u00edl cesty do Prahy si vyberte sami. O va\u0161e pohodl\u00ed se postar\u00e1me my.\",\"publisher\":{\"@id\":\"https:\\\/\\\/www.hotel-golf.cz\\\/de\\\/#organization\"},\"alternateName\":\"Hotel Golf Prague\",\"potentialAction\":[{\"@type\":\"SearchAction\",\"target\":{\"@type\":\"EntryPoint\",\"urlTemplate\":\"https:\\\/\\\/www.hotel-golf.cz\\\/de\\\/?s={search_term_string}\"},\"query-input\":{\"@type\":\"PropertyValueSpecification\",\"valueRequired\":true,\"valueName\":\"search_term_string\"}}],\"inLanguage\":\"de-DE\"},{\"@type\":\"Organization\",\"@id\":\"https:\\\/\\\/www.hotel-golf.cz\\\/de\\\/#organization\",\"name\":\"Hotel Golf Prague\",\"url\":\"https:\\\/\\\/www.hotel-golf.cz\\\/de\\\/\",\"logo\":{\"@type\":\"ImageObject\",\"inLanguage\":\"de-DE\",\"@id\":\"https:\\\/\\\/www.hotel-golf.cz\\\/de\\\/#\\\/schema\\\/logo\\\/image\\\/\",\"url\":\"https:\\\/\\\/www.hotel-golf.cz\\\/wp-content\\\/uploads\\\/sites\\\/177\\\/2024\\\/10\\\/Logo_Hotel_Golf_Prague_black.svg\",\"contentUrl\":\"https:\\\/\\\/www.hotel-golf.cz\\\/wp-content\\\/uploads\\\/sites\\\/177\\\/2024\\\/10\\\/Logo_Hotel_Golf_Prague_black.svg\",\"width\":272,\"height\":79,\"caption\":\"Hotel Golf Prague\"},\"image\":{\"@id\":\"https:\\\/\\\/www.hotel-golf.cz\\\/de\\\/#\\\/schema\\\/logo\\\/image\\\/\"},\"sameAs\":[\"https:\\\/\\\/www.facebook.com\\\/hotelgolfprague\\\/\",\"https:\\\/\\\/www.instagram.com\\\/hotelgolfprague\\\/\",\"https:\\\/\\\/www.tripadvisor.com\\\/Hotel_Review-g274707-d277209-Reviews-Hotel_Golf-Prague_Bohemia.html\"]}]}<\/script>\n<!-- \/ Yoast SEO plugin. -->","yoast_head_json":{"title":"Unterkunft mit Hunden - Hotel Golf Prague","description":"Ist Ihr Haustier ein vollwertiges Familienmitglied, und Sie k\u00f6nnen sich einen Urlaub ohne es nicht vorstellen? Das Hotel Golf bietet Unterk\u00fcnfte f\u00fcr Sie und Ihre vierbeinigen Begleiter in Superior- und Dependance-Zimmern. Wir bereiten in Ihrem Zimmer gerne alles vor, damit sich Ihr Hund wie zu Hause f\u00fchlt","robots":{"index":"index","follow":"follow","max-snippet":"max-snippet:-1","max-image-preview":"max-image-preview:large","max-video-preview":"max-video-preview:-1"},"canonical":"https:\/\/www.hotel-golf.cz\/de\/unterkunft-mit-hunden\/","og_locale":"de_DE","og_type":"article","og_title":"Unterkunft mit Hunden - Hotel Golf Prague","og_description":"Ist Ihr Haustier ein vollwertiges Familienmitglied, und Sie k\u00f6nnen sich einen Urlaub ohne es nicht vorstellen? Das Hotel Golf bietet Unterk\u00fcnfte f\u00fcr Sie und Ihre vierbeinigen Begleiter in Superior- und Dependance-Zimmern. Wir bereiten in Ihrem Zimmer gerne alles vor, damit sich Ihr Hund wie zu Hause f\u00fchlt","og_url":"https:\/\/www.hotel-golf.cz\/de\/unterkunft-mit-hunden\/","og_site_name":"Hotel Golf Prague","article_publisher":"https:\/\/www.facebook.com\/hotelgolfprague\/","article_modified_time":"2025-03-06T09:36:31+00:00","og_image":[{"width":800,"height":1201,"url":"https:\/\/www.hotel-golf.cz\/wp-content\/uploads\/sites\/177\/2024\/11\/Dog-800x1201-1.jpg","type":"image\/jpeg"}],"twitter_card":"summary_large_image","twitter_misc":{"Gesch\u00e4tzte Lesezeit":"1 Minute"},"schema":{"@context":"https:\/\/schema.org","@graph":[{"@type":"WebPage","@id":"https:\/\/www.hotel-golf.cz\/de\/unterkunft-mit-hunden\/","url":"https:\/\/www.hotel-golf.cz\/de\/unterkunft-mit-hunden\/","name":"Unterkunft mit Hunden - Hotel Golf Prague","isPartOf":{"@id":"https:\/\/www.hotel-golf.cz\/de\/#website"},"primaryImageOfPage":{"@id":"https:\/\/www.hotel-golf.cz\/de\/unterkunft-mit-hunden\/#primaryimage"},"image":{"@id":"https:\/\/www.hotel-golf.cz\/de\/unterkunft-mit-hunden\/#primaryimage"},"thumbnailUrl":"https:\/\/www.hotel-golf.cz\/wp-content\/uploads\/sites\/177\/2024\/11\/Dog-800x1201-1.jpg","datePublished":"2024-11-27T15:41:23+00:00","dateModified":"2025-03-06T09:36:31+00:00","description":"Ist Ihr Haustier ein vollwertiges Familienmitglied, und Sie k\u00f6nnen sich einen Urlaub ohne es nicht vorstellen? Das Hotel Golf bietet Unterk\u00fcnfte f\u00fcr Sie und Ihre vierbeinigen Begleiter in Superior- und Dependance-Zimmern. Wir bereiten in Ihrem Zimmer gerne alles vor, damit sich Ihr Hund wie zu Hause f\u00fchlt","breadcrumb":{"@id":"https:\/\/www.hotel-golf.cz\/de\/unterkunft-mit-hunden\/#breadcrumb"},"inLanguage":"de-DE","potentialAction":[{"@type":"ReadAction","target":["https:\/\/www.hotel-golf.cz\/de\/unterkunft-mit-hunden\/"]}]},{"@type":"ImageObject","inLanguage":"de-DE","@id":"https:\/\/www.hotel-golf.cz\/de\/unterkunft-mit-hunden\/#primaryimage","url":"https:\/\/www.hotel-golf.cz\/wp-content\/uploads\/sites\/177\/2024\/11\/Dog-800x1201-1.jpg","contentUrl":"https:\/\/www.hotel-golf.cz\/wp-content\/uploads\/sites\/177\/2024\/11\/Dog-800x1201-1.jpg","width":800,"height":1201},{"@type":"BreadcrumbList","@id":"https:\/\/www.hotel-golf.cz\/de\/unterkunft-mit-hunden\/#breadcrumb","itemListElement":[{"@type":"ListItem","position":1,"name":"Home","item":"https:\/\/www.hotel-golf.cz\/de\/"},{"@type":"ListItem","position":2,"name":"Unterkunft mit Hunden"}]},{"@type":"WebSite","@id":"https:\/\/www.hotel-golf.cz\/de\/#website","url":"https:\/\/www.hotel-golf.cz\/de\/","name":"Hotel Golf Prague","description":"Romantika ve dvou, dovolen\u00e1 s d\u011btmi, ubytov\u00e1n\u00ed pro firmy, konference, wellness. C\u00edl cesty do Prahy si vyberte sami. O va\u0161e pohodl\u00ed se postar\u00e1me my.","publisher":{"@id":"https:\/\/www.hotel-golf.cz\/de\/#organization"},"alternateName":"Hotel Golf Prague","potentialAction":[{"@type":"SearchAction","target":{"@type":"EntryPoint","urlTemplate":"https:\/\/www.hotel-golf.cz\/de\/?s={search_term_string}"},"query-input":{"@type":"PropertyValueSpecification","valueRequired":true,"valueName":"search_term_string"}}],"inLanguage":"de-DE"},{"@type":"Organization","@id":"https:\/\/www.hotel-golf.cz\/de\/#organization","name":"Hotel Golf Prague","url":"https:\/\/www.hotel-golf.cz\/de\/","logo":{"@type":"ImageObject","inLanguage":"de-DE","@id":"https:\/\/www.hotel-golf.cz\/de\/#\/schema\/logo\/image\/","url":"https:\/\/www.hotel-golf.cz\/wp-content\/uploads\/sites\/177\/2024\/10\/Logo_Hotel_Golf_Prague_black.svg","contentUrl":"https:\/\/www.hotel-golf.cz\/wp-content\/uploads\/sites\/177\/2024\/10\/Logo_Hotel_Golf_Prague_black.svg","width":272,"height":79,"caption":"Hotel Golf Prague"},"image":{"@id":"https:\/\/www.hotel-golf.cz\/de\/#\/schema\/logo\/image\/"},"sameAs":["https:\/\/www.facebook.com\/hotelgolfprague\/","https:\/\/www.instagram.com\/hotelgolfprague\/","https:\/\/www.tripadvisor.com\/Hotel_Review-g274707-d277209-Reviews-Hotel_Golf-Prague_Bohemia.html"]}]}},"acf":[],"_links":{"self":[{"href":"https:\/\/www.hotel-golf.cz\/de\/wp-json\/wp\/v2\/pages\/1140","targetHints":{"allow":["GET"]}}],"collection":[{"href":"https:\/\/www.hotel-golf.cz\/de\/wp-json\/wp\/v2\/pages"}],"about":[{"href":"https:\/\/www.hotel-golf.cz\/de\/wp-json\/wp\/v2\/types\/page"}],"author":[{"embeddable":true,"href":"https:\/\/www.hotel-golf.cz\/de\/wp-json\/wp\/v2\/users\/12"}],"replies":[{"embeddable":true,"href":"https:\/\/www.hotel-golf.cz\/de\/wp-json\/wp\/v2\/comments?post=1140"}],"version-history":[{"count":0,"href":"https:\/\/www.hotel-golf.cz\/de\/wp-json\/wp\/v2\/pages\/1140\/revisions"}],"wp:featuredmedia":[{"embeddable":true,"href":"https:\/\/www.hotel-golf.cz\/de\/wp-json\/wp\/v2\/media\/416"}],"wp:attachment":[{"href":"https:\/\/www.hotel-golf.cz\/de\/wp-json\/wp\/v2\/media?parent=1140"}],"curies":[{"name":"wp","href":"https:\/\/api.w.org\/{rel}","templated":true}]}}